{"id":1571,"date":"2023-01-11T12:56:44","date_gmt":"2023-01-11T11:56:44","guid":{"rendered":"https:\/\/smartlands-gis.com\/?page_id=1571"},"modified":"2023-01-13T13:12:14","modified_gmt":"2023-01-13T12:12:14","slug":"crediti","status":"publish","type":"page","link":"https:\/\/smartlands-gis.com\/en\/servizi\/crediti\/","title":{"rendered":"Credits"},"content":{"rendered":"<div data-elementor-type=\"wp-page\" data-elementor-id=\"1571\" class=\"elementor elementor-1571\" data-elementor-post-type=\"page\">\n\t\t\t\t<div class=\"elementor-element elementor-element-bcbabc5 e-flex e-con-boxed e-con e-parent\" data-id=\"bcbabc5\" data-element_type=\"container\" data-e-type=\"container\" data-settings=\"{&quot;background_background&quot;:&quot;classic&quot;}\">\n\t\t\t\t\t<div class=\"e-con-inner\">\n\t\t<div class=\"elementor-element elementor-element-6672668 e-con-full e-flex e-con e-parent\" data-id=\"6672668\" data-element_type=\"container\" data-e-type=\"container\">\n\t\t\t\t<div class=\"elementor-element elementor-element-e943ee9 elementor-widget elementor-widget-spacer\" data-id=\"e943ee9\" data-element_type=\"widget\" data-e-type=\"widget\" data-widget_type=\"spacer.default\">\n\t\t\t\t\t\t\t<div class=\"elementor-spacer\">\n\t\t\t<div class=\"elementor-spacer-inner\"><\/div>\n\t\t<\/div>\n\t\t\t\t\t\t<\/div>\n\t\t\t\t<\/div>\n\t\t\t\t\t<\/div>\n\t\t\t\t<\/div>\n\t\t<div class=\"elementor-element elementor-element-42e05a6 e-flex e-con-boxed e-con e-parent\" data-id=\"42e05a6\" data-element_type=\"container\" data-e-type=\"container\" data-settings=\"{&quot;background_background&quot;:&quot;classic&quot;,&quot;shape_divider_bottom&quot;:&quot;tilt&quot;}\">\n\t\t\t\t\t<div class=\"e-con-inner\">\n\t\t\t\t<div class=\"elementor-shape elementor-shape-bottom\" aria-hidden=\"true\" data-negative=\"false\">\n\t\t\t<svg xmlns=\"http:\/\/www.w3.org\/2000\/svg\" viewbox=\"0 0 1000 100\" preserveaspectratio=\"none\">\n\t<path class=\"elementor-shape-fill\" d=\"M0,6V0h1000v100L0,6z\"\/>\n<\/svg>\t\t<\/div>\n\t\t<div class=\"elementor-element elementor-element-9b60b67 e-con-full e-flex e-con e-parent\" data-id=\"9b60b67\" data-element_type=\"container\" data-e-type=\"container\" data-settings=\"{&quot;background_background&quot;:&quot;classic&quot;}\">\n\t\t\t\t<div class=\"elementor-element elementor-element-d922ba9 elementor-widget elementor-widget-heading\" data-id=\"d922ba9\" data-element_type=\"widget\" data-e-type=\"widget\" data-widget_type=\"heading.default\">\n\t\t\t\t\t<h1 class=\"elementor-heading-title elementor-size-default\">Credit <br>   open source<\/h1>\t\t\t\t<\/div>\n\t\t\t\t<div class=\"elementor-element elementor-element-017e00b elementor-widget elementor-widget-breadcrumbs\" data-id=\"017e00b\" data-element_type=\"widget\" data-e-type=\"widget\" data-widget_type=\"breadcrumbs.default\">\n\t\t\t\t\t<p id=\"breadcrumbs\"><span><span><a href=\"https:\/\/smartlands-gis.com\/en\/\">Home<\/a><\/span><\/span><\/p>\t\t\t\t<\/div>\n\t\t\t\t<div class=\"elementor-element elementor-element-97356e7 elementor-widget elementor-widget-text-editor\" data-id=\"97356e7\" data-element_type=\"widget\" data-e-type=\"widget\" data-widget_type=\"text-editor.default\">\n\t\t\t\t\t\t\t\t\t<p>At Smartlands SRL, we believe that the use of open source solutions is essential to the success of our company.<br \/>For this reason, we have chosen to adopt these technologies in our daily activity.<\/p><p>The decision to use open source solutions is dictated by business reasons: these technologies allow us to increase the agility and flexibility of our business, reducing costs and improving the quality of our products and services.<\/p><p>Furthermore, the use of open source solutions allows us to comply with the European directives on free competition and access to technologies, guaranteeing maximum transparency and maximum openness towards our customers and our partners.<\/p><p>For these reasons, Smartlands SRL is committed to promoting and using open source solutions, contributing to the development of the free and open source software community and providing innovative and sustainable solutions to its customers.<\/p><ul><li><a href=\"https:\/\/www.centos.org\/download\/\">https:\/\/www.centos.org\/download\/<\/a><\/li><li><a href=\"https:\/\/www.postgresql.org\/\">https:\/\/www.postgresql.org\/<\/a><\/li><li><a href=\"https:\/\/www.apache.org\/\">https:\/\/www.apache.org\/<\/a><\/li><li><a href=\"https:\/\/www.mysql.com\/\">https:\/\/www.mysql.com\/<\/a><\/li><li><a href=\"https:\/\/nodejs.org\/\">https:\/\/nodejs.org\/<\/a><\/li><li><a href=\"https:\/\/www.php.net\/\">https:\/\/www.php.net\/<\/a><\/li><li><a href=\"https:\/\/www.python.org\/\">https:\/\/www.python.org\/<\/a><\/li><li><a href=\"https:\/\/wordpress.org\/\">https:\/\/wordpress.org\/<\/a><\/li><li><a href=\"https:\/\/geoserver.org\/\">https:\/\/geoserver.org\/<\/a><\/li><li><a href=\"https:\/\/geonode.org\/\">https:\/\/geonode.org\/<\/a><\/li><li><a href=\"https:\/\/www.lizmap.com\/en\/\">https:\/\/www.lizmap.com\/en\/<\/a><\/li><li><a href=\"https:\/\/leafletjs.com\/\">https:\/\/leafletjs.com\/<\/a><\/li><li><a href=\"https:\/\/www.qgis.org\/en\/site\/\">https:\/\/www.qgis.org\/en\/site\/<\/a><\/li><\/ul>\t\t\t\t\t\t\t\t<\/div>\n\t\t\t\t<\/div>\n\t\t\t\t\t<\/div>\n\t\t\t\t<\/div>\n\t\t\t\t<\/div>","protected":false},"excerpt":{"rendered":"<p>Credit open source In Smartlands SRL, crediamo che l&#8217;utilizzo di soluzioni open source sia essenziale per il successo della nostra azienda. Per questo motivo, abbiamo scelto di adottare queste tecnologie nella nostra attivit\u00e0 quotidiana. La scelta di utilizzare soluzioni open source \u00e8 dettata da motivi aziendali: queste tecnologie ci permettono di aumentare l&#8217;agilit\u00e0 e la [&hellip;]<\/p>\n","protected":false},"author":1,"featured_media":0,"parent":347,"menu_order":0,"comment_status":"closed","ping_status":"closed","template":"","meta":{"iawp_total_views":18,"footnotes":""},"class_list":["post-1571","page","type-page","status-publish","hentry"],"yoast_head":"<!-- This site is optimized with the Yoast SEO plugin v27.3 - https:\/\/yoast.com\/product\/yoast-seo-wordpress\/ -->\n<title>Crediti - SmartLands GIS Shop<\/title>\n<meta name=\"robots\" content=\"index, follow, max-snippet:-1, max-image-preview:large, max-video-preview:-1\" \/>\n<link rel=\"canonical\" href=\"https:\/\/smartlands-gis.com\/en\/servizi\/crediti\/\" \/>\n<meta property=\"og:locale\" content=\"en_GB\" \/>\n<meta property=\"og:type\" content=\"article\" \/>\n<meta property=\"og:title\" content=\"Crediti - SmartLands GIS Shop\" \/>\n<meta property=\"og:description\" content=\"Credit open source In Smartlands SRL, crediamo che l&#8217;utilizzo di soluzioni open source sia essenziale per il successo della nostra azienda. Per questo motivo, abbiamo scelto di adottare queste tecnologie nella nostra attivit\u00e0 quotidiana. La scelta di utilizzare soluzioni open source \u00e8 dettata da motivi aziendali: queste tecnologie ci permettono di aumentare l&#8217;agilit\u00e0 e la [&hellip;]\" \/>\n<meta property=\"og:url\" content=\"https:\/\/smartlands-gis.com\/en\/servizi\/crediti\/\" \/>\n<meta property=\"og:site_name\" content=\"SmartLands GIS Shop\" \/>\n<meta property=\"article:publisher\" content=\"https:\/\/www.facebook.com\/smartlandsSRL\" \/>\n<meta property=\"article:modified_time\" content=\"2023-01-13T12:12:14+00:00\" \/>\n<meta name=\"twitter:card\" content=\"summary_large_image\" \/>\n<meta name=\"twitter:label1\" content=\"Estimated reading time\" \/>\n\t<meta name=\"twitter:data1\" content=\"1 minute\" \/>\n<script type=\"application\/ld+json\" class=\"yoast-schema-graph\">{\"@context\":\"https:\\\/\\\/schema.org\",\"@graph\":[{\"@type\":\"WebPage\",\"@id\":\"https:\\\/\\\/smartlands-gis.com\\\/servizi\\\/crediti\\\/\",\"url\":\"https:\\\/\\\/smartlands-gis.com\\\/servizi\\\/crediti\\\/\",\"name\":\"Crediti - SmartLands GIS Shop\",\"isPartOf\":{\"@id\":\"https:\\\/\\\/smartlands-gis.com\\\/it_it\\\/#website\"},\"datePublished\":\"2023-01-11T11:56:44+00:00\",\"dateModified\":\"2023-01-13T12:12:14+00:00\",\"breadcrumb\":{\"@id\":\"https:\\\/\\\/smartlands-gis.com\\\/servizi\\\/crediti\\\/#breadcrumb\"},\"inLanguage\":\"en-GB\",\"potentialAction\":[{\"@type\":\"ReadAction\",\"target\":[\"https:\\\/\\\/smartlands-gis.com\\\/servizi\\\/crediti\\\/\"]}]},{\"@type\":\"BreadcrumbList\",\"@id\":\"https:\\\/\\\/smartlands-gis.com\\\/servizi\\\/crediti\\\/#breadcrumb\",\"itemListElement\":[{\"@type\":\"ListItem\",\"position\":1,\"name\":\"Home\",\"item\":\"https:\\\/\\\/smartlands-gis.com\\\/it_it\\\/\"},{\"@type\":\"ListItem\",\"position\":2,\"name\":\"Servizi\",\"item\":\"https:\\\/\\\/smartlands-gis.com\\\/servizi\\\/\"},{\"@type\":\"ListItem\",\"position\":3,\"name\":\"Crediti\"}]},{\"@type\":\"WebSite\",\"@id\":\"https:\\\/\\\/smartlands-gis.com\\\/it_it\\\/#website\",\"url\":\"https:\\\/\\\/smartlands-gis.com\\\/it_it\\\/\",\"name\":\"SmartLands GIS Shop\",\"description\":\"Il territorio a portata di un click\",\"publisher\":{\"@id\":\"https:\\\/\\\/smartlands-gis.com\\\/it_it\\\/#organization\"},\"potentialAction\":[{\"@type\":\"SearchAction\",\"target\":{\"@type\":\"EntryPoint\",\"urlTemplate\":\"https:\\\/\\\/smartlands-gis.com\\\/it_it\\\/?s={search_term_string}\"},\"query-input\":{\"@type\":\"PropertyValueSpecification\",\"valueRequired\":true,\"valueName\":\"search_term_string\"}}],\"inLanguage\":\"en-GB\"},{\"@type\":\"Organization\",\"@id\":\"https:\\\/\\\/smartlands-gis.com\\\/it_it\\\/#organization\",\"name\":\"SmartLands GIS Shop\",\"url\":\"https:\\\/\\\/smartlands-gis.com\\\/it_it\\\/\",\"logo\":{\"@type\":\"ImageObject\",\"inLanguage\":\"en-GB\",\"@id\":\"https:\\\/\\\/smartlands-gis.com\\\/it_it\\\/#\\\/schema\\\/logo\\\/image\\\/\",\"url\":\"https:\\\/\\\/smartlands-gis.com\\\/wp-content\\\/uploads\\\/2022\\\/04\\\/Smartlands-logo.png\",\"contentUrl\":\"https:\\\/\\\/smartlands-gis.com\\\/wp-content\\\/uploads\\\/2022\\\/04\\\/Smartlands-logo.png\",\"width\":1440,\"height\":630,\"caption\":\"SmartLands GIS Shop\"},\"image\":{\"@id\":\"https:\\\/\\\/smartlands-gis.com\\\/it_it\\\/#\\\/schema\\\/logo\\\/image\\\/\"},\"sameAs\":[\"https:\\\/\\\/www.facebook.com\\\/smartlandsSRL\"]}]}<\/script>\n<!-- \/ Yoast SEO plugin. -->","yoast_head_json":{"title":"Crediti - SmartLands GIS Shop","robots":{"index":"index","follow":"follow","max-snippet":"max-snippet:-1","max-image-preview":"max-image-preview:large","max-video-preview":"max-video-preview:-1"},"canonical":"https:\/\/smartlands-gis.com\/en\/servizi\/crediti\/","og_locale":"en_GB","og_type":"article","og_title":"Crediti - SmartLands GIS Shop","og_description":"Credit open source In Smartlands SRL, crediamo che l&#8217;utilizzo di soluzioni open source sia essenziale per il successo della nostra azienda. Per questo motivo, abbiamo scelto di adottare queste tecnologie nella nostra attivit\u00e0 quotidiana. La scelta di utilizzare soluzioni open source \u00e8 dettata da motivi aziendali: queste tecnologie ci permettono di aumentare l&#8217;agilit\u00e0 e la [&hellip;]","og_url":"https:\/\/smartlands-gis.com\/en\/servizi\/crediti\/","og_site_name":"SmartLands GIS Shop","article_publisher":"https:\/\/www.facebook.com\/smartlandsSRL","article_modified_time":"2023-01-13T12:12:14+00:00","twitter_card":"summary_large_image","twitter_misc":{"Estimated reading time":"1 minute"},"schema":{"@context":"https:\/\/schema.org","@graph":[{"@type":"WebPage","@id":"https:\/\/smartlands-gis.com\/servizi\/crediti\/","url":"https:\/\/smartlands-gis.com\/servizi\/crediti\/","name":"Crediti - SmartLands GIS Shop","isPartOf":{"@id":"https:\/\/smartlands-gis.com\/it_it\/#website"},"datePublished":"2023-01-11T11:56:44+00:00","dateModified":"2023-01-13T12:12:14+00:00","breadcrumb":{"@id":"https:\/\/smartlands-gis.com\/servizi\/crediti\/#breadcrumb"},"inLanguage":"en-GB","potentialAction":[{"@type":"ReadAction","target":["https:\/\/smartlands-gis.com\/servizi\/crediti\/"]}]},{"@type":"BreadcrumbList","@id":"https:\/\/smartlands-gis.com\/servizi\/crediti\/#breadcrumb","itemListElement":[{"@type":"ListItem","position":1,"name":"Home","item":"https:\/\/smartlands-gis.com\/it_it\/"},{"@type":"ListItem","position":2,"name":"Servizi","item":"https:\/\/smartlands-gis.com\/servizi\/"},{"@type":"ListItem","position":3,"name":"Crediti"}]},{"@type":"WebSite","@id":"https:\/\/smartlands-gis.com\/it_it\/#website","url":"https:\/\/smartlands-gis.com\/it_it\/","name":"SmartLands GIS Shop","description":"Il territorio a portata di un click","publisher":{"@id":"https:\/\/smartlands-gis.com\/it_it\/#organization"},"potentialAction":[{"@type":"SearchAction","target":{"@type":"EntryPoint","urlTemplate":"https:\/\/smartlands-gis.com\/it_it\/?s={search_term_string}"},"query-input":{"@type":"PropertyValueSpecification","valueRequired":true,"valueName":"search_term_string"}}],"inLanguage":"en-GB"},{"@type":"Organization","@id":"https:\/\/smartlands-gis.com\/it_it\/#organization","name":"SmartLands GIS Shop","url":"https:\/\/smartlands-gis.com\/it_it\/","logo":{"@type":"ImageObject","inLanguage":"en-GB","@id":"https:\/\/smartlands-gis.com\/it_it\/#\/schema\/logo\/image\/","url":"https:\/\/smartlands-gis.com\/wp-content\/uploads\/2022\/04\/Smartlands-logo.png","contentUrl":"https:\/\/smartlands-gis.com\/wp-content\/uploads\/2022\/04\/Smartlands-logo.png","width":1440,"height":630,"caption":"SmartLands GIS Shop"},"image":{"@id":"https:\/\/smartlands-gis.com\/it_it\/#\/schema\/logo\/image\/"},"sameAs":["https:\/\/www.facebook.com\/smartlandsSRL"]}]}},"_links":{"self":[{"href":"https:\/\/smartlands-gis.com\/en\/wp-json\/wp\/v2\/pages\/1571","targetHints":{"allow":["GET"]}}],"collection":[{"href":"https:\/\/smartlands-gis.com\/en\/wp-json\/wp\/v2\/pages"}],"about":[{"href":"https:\/\/smartlands-gis.com\/en\/wp-json\/wp\/v2\/types\/page"}],"author":[{"embeddable":true,"href":"https:\/\/smartlands-gis.com\/en\/wp-json\/wp\/v2\/users\/1"}],"replies":[{"embeddable":true,"href":"https:\/\/smartlands-gis.com\/en\/wp-json\/wp\/v2\/comments?post=1571"}],"version-history":[{"count":31,"href":"https:\/\/smartlands-gis.com\/en\/wp-json\/wp\/v2\/pages\/1571\/revisions"}],"predecessor-version":[{"id":2028,"href":"https:\/\/smartlands-gis.com\/en\/wp-json\/wp\/v2\/pages\/1571\/revisions\/2028"}],"up":[{"embeddable":true,"href":"https:\/\/smartlands-gis.com\/en\/wp-json\/wp\/v2\/pages\/347"}],"wp:attachment":[{"href":"https:\/\/smartlands-gis.com\/en\/wp-json\/wp\/v2\/media?parent=1571"}],"curies":[{"name":"wp","href":"https:\/\/api.w.org\/{rel}","templated":true}]}}