{"id":2637,"date":"2023-12-23T16:10:09","date_gmt":"2023-12-23T15:10:09","guid":{"rendered":"https:\/\/smartlands-gis.com\/?page_id=2637"},"modified":"2024-02-21T19:24:13","modified_gmt":"2024-02-21T18:24:13","slug":"smartsite","status":"publish","type":"page","link":"https:\/\/smartlands-gis.com\/en\/smartsite\/","title":{"rendered":"SMARTSITE"},"content":{"rendered":"<div data-elementor-type=\"wp-page\" data-elementor-id=\"2637\" class=\"elementor elementor-2637\" data-elementor-post-type=\"page\">\n\t\t\t\t<div class=\"elementor-element elementor-element-f50262c e-flex e-con-boxed e-con e-parent\" data-id=\"f50262c\" data-element_type=\"container\" data-e-type=\"container\" data-settings=\"{&quot;background_background&quot;:&quot;classic&quot;}\">\n\t\t\t\t\t<div class=\"e-con-inner\">\n\t\t\t\t<div class=\"elementor-element elementor-element-42e66782 elementor-widget elementor-widget-spacer\" data-id=\"42e66782\" data-element_type=\"widget\" data-e-type=\"widget\" data-widget_type=\"spacer.default\">\n\t\t\t\t\t\t\t<div class=\"elementor-spacer\">\n\t\t\t<div class=\"elementor-spacer-inner\"><\/div>\n\t\t<\/div>\n\t\t\t\t\t\t<\/div>\n\t\t\t\t\t<\/div>\n\t\t\t\t<\/div>\n\t\t\t\t<section class=\"elementor-section elementor-top-section elementor-element elementor-element-3c3e6a3d elementor-section-boxed elementor-section-height-default elementor-section-height-default\" data-id=\"3c3e6a3d\" data-element_type=\"section\" data-e-type=\"section\" data-settings=\"{&quot;background_background&quot;:&quot;classic&quot;}\">\n\t\t\t\t\t\t<div class=\"elementor-container elementor-column-gap-no\">\n\t\t\t\t\t<div class=\"elementor-column elementor-col-100 elementor-top-column elementor-element elementor-element-700979e6\" data-id=\"700979e6\" data-element_type=\"column\" data-e-type=\"column\" data-settings=\"{&quot;background_background&quot;:&quot;classic&quot;}\">\n\t\t\t<div class=\"elementor-widget-wrap elementor-element-populated\">\n\t\t\t\t\t\t<div class=\"elementor-element elementor-element-2a823235 elementor-widget__width-initial elementor-widget elementor-widget-heading\" data-id=\"2a823235\" data-element_type=\"widget\" data-e-type=\"widget\" data-widget_type=\"heading.default\">\n\t\t\t\t\t<h1 class=\"elementor-heading-title elementor-size-default\">Smart  <br>Site<\/h1>\t\t\t\t<\/div>\n\t\t\t\t<div class=\"elementor-element elementor-element-6618a9d8 elementor-align-right elementor-widget__width-auto elementor-mobile-align-center elementor-widget elementor-widget-lottie\" data-id=\"6618a9d8\" data-element_type=\"widget\" data-e-type=\"widget\" data-settings=\"{&quot;source&quot;:&quot;external_url&quot;,&quot;source_external_url&quot;:{&quot;url&quot;:&quot;https:\\\/\\\/assets5.lottiefiles.com\\\/packages\\\/lf20_cmaqoazd.json&quot;,&quot;is_external&quot;:&quot;&quot;,&quot;nofollow&quot;:&quot;&quot;,&quot;custom_attributes&quot;:&quot;&quot;},&quot;link_to&quot;:&quot;none&quot;,&quot;trigger&quot;:&quot;arriving_to_viewport&quot;,&quot;viewport&quot;:{&quot;unit&quot;:&quot;%&quot;,&quot;size&quot;:&quot;&quot;,&quot;sizes&quot;:{&quot;start&quot;:0,&quot;end&quot;:100}},&quot;play_speed&quot;:{&quot;unit&quot;:&quot;px&quot;,&quot;size&quot;:1,&quot;sizes&quot;:[]},&quot;start_point&quot;:{&quot;unit&quot;:&quot;%&quot;,&quot;size&quot;:0,&quot;sizes&quot;:[]},&quot;end_point&quot;:{&quot;unit&quot;:&quot;%&quot;,&quot;size&quot;:100,&quot;sizes&quot;:[]},&quot;renderer&quot;:&quot;svg&quot;}\" data-widget_type=\"lottie.default\">\n\t\t\t\t\t<div class=\"e-lottie__container\"><div class=\"e-lottie__animation\"><\/div><\/div>\t\t\t\t<\/div>\n\t\t\t\t<div class=\"elementor-element elementor-element-4f6c4d14 elementor-widget elementor-widget-breadcrumbs\" data-id=\"4f6c4d14\" data-element_type=\"widget\" data-e-type=\"widget\" data-widget_type=\"breadcrumbs.default\">\n\t\t\t\t\t<p id=\"breadcrumbs\"><span><span><a href=\"https:\/\/smartlands-gis.com\/en\/\">Home<\/a><\/span><\/span><\/p>\t\t\t\t<\/div>\n\t\t\t\t\t<\/div>\n\t\t<\/div>\n\t\t\t\t\t<\/div>\n\t\t<\/section>\n\t\t<div class=\"elementor-element elementor-element-690020ef e-flex e-con-boxed e-con e-parent\" data-id=\"690020ef\" data-element_type=\"container\" data-e-type=\"container\" data-settings=\"{&quot;background_background&quot;:&quot;classic&quot;,&quot;shape_divider_bottom&quot;:&quot;tilt&quot;}\">\n\t\t\t\t\t<div class=\"e-con-inner\">\n\t\t\t\t<div class=\"elementor-shape elementor-shape-bottom\" aria-hidden=\"true\" data-negative=\"false\">\n\t\t\t<svg xmlns=\"http:\/\/www.w3.org\/2000\/svg\" viewbox=\"0 0 1000 100\" preserveaspectratio=\"none\">\n\t<path class=\"elementor-shape-fill\" d=\"M0,6V0h1000v100L0,6z\"\/>\n<\/svg>\t\t<\/div>\n\t\t<div class=\"elementor-element elementor-element-4c590d40 e-flex e-con-boxed e-con e-child\" data-id=\"4c590d40\" data-element_type=\"container\" data-e-type=\"container\" data-settings=\"{&quot;background_background&quot;:&quot;classic&quot;}\">\n\t\t\t\t\t<div class=\"e-con-inner\">\n\t\t\t\t<div class=\"elementor-element elementor-element-2408e340 animated-slow elementor-invisible elementor-widget elementor-widget-heading\" data-id=\"2408e340\" data-element_type=\"widget\" data-e-type=\"widget\" data-settings=\"{&quot;_animation&quot;:&quot;slideInUp&quot;}\" data-widget_type=\"heading.default\">\n\t\t\t\t\t<h2 class=\"elementor-heading-title elementor-size-default\">Performace e Affidabilit\u00e0<\/h2>\t\t\t\t<\/div>\n\t\t\t\t<div class=\"elementor-element elementor-element-1d6733ea animated-slow elementor-invisible elementor-widget elementor-widget-heading\" data-id=\"1d6733ea\" data-element_type=\"widget\" data-e-type=\"widget\" data-settings=\"{&quot;_animation&quot;:&quot;slideInUp&quot;}\" data-widget_type=\"heading.default\">\n\t\t\t\t\t<h2 class=\"elementor-heading-title elementor-size-default\">Il sito per la Pubblica Amministrazione<\/h2>\t\t\t\t<\/div>\n\t\t\t\t<div class=\"elementor-element elementor-element-5618fb65 elementor-widget elementor-widget-text-editor\" data-id=\"5618fb65\" data-element_type=\"widget\" data-e-type=\"widget\" data-widget_type=\"text-editor.default\">\n\t\t\t\t\t\t\t\t\t<p><strong>Assistenza e consulenza remota<\/strong><\/p>\t\t\t\t\t\t\t\t<\/div>\n\t\t\t\t\t<\/div>\n\t\t\t\t<\/div>\n\t\t<div class=\"elementor-element elementor-element-64bbc680 e-flex e-con-boxed e-con e-child\" data-id=\"64bbc680\" data-element_type=\"container\" data-e-type=\"container\" data-settings=\"{&quot;background_background&quot;:&quot;classic&quot;}\">\n\t\t\t\t\t<div class=\"e-con-inner\">\n\t\t<div class=\"elementor-element elementor-element-23dfe3b2 e-con-full e-flex e-con e-child\" data-id=\"23dfe3b2\" data-element_type=\"container\" data-e-type=\"container\">\n\t\t<div class=\"elementor-element elementor-element-20098b22 animated-slow e-con-full e-flex elementor-invisible e-con e-child\" data-id=\"20098b22\" data-element_type=\"container\" data-e-type=\"container\" data-settings=\"{&quot;animation&quot;:&quot;fadeInUp&quot;,&quot;animation_delay&quot;:150}\">\n\t\t\t\t<div class=\"elementor-element elementor-element-65900e7 elementor-widget elementor-widget-text-editor\" data-id=\"65900e7\" data-element_type=\"widget\" data-e-type=\"widget\" data-widget_type=\"text-editor.default\">\n\t\t\t\t\t\t\t\t\t<p>Il progetto prevede la realizzazione di un sito web per la Pubblica Amministrazione al fine di garantire una comunicazione chiara, immediata e accessibile a tutti i cittadini.<\/p><p>Il sito sar\u00e0 ottimizzato per la fruizione da dispositivi mobili e desktop e rispetter\u00e0 tutti gli standard di accessibilit\u00e0 previsti per le pubbliche amministrazioni.<\/p>\t\t\t\t\t\t\t\t<\/div>\n\t\t\t\t<div class=\"elementor-element elementor-element-7fa20b4d elementor-vertical-align-top elementor-widget elementor-widget-image-box\" data-id=\"7fa20b4d\" data-element_type=\"widget\" data-e-type=\"widget\" data-widget_type=\"image-box.default\">\n\t\t\t\t\t<div class=\"elementor-image-box-wrapper\"><div class=\"elementor-image-box-content\"><h3 class=\"elementor-image-box-title\">DETTAGLI DEL SERVIZIO:<\/h3><p class=\"elementor-image-box-description\">\n \n<\/p><\/div><\/div>\t\t\t\t<\/div>\n\t\t\t\t<div class=\"elementor-element elementor-element-35e4feec elementor-widget elementor-widget-text-editor\" data-id=\"35e4feec\" data-element_type=\"widget\" data-e-type=\"widget\" data-widget_type=\"text-editor.default\">\n\t\t\t\t\t\t\t\t\t<p>1. **Analisi e Progettazione:**<br \/>&#8211; Raccolta requisiti e analisi delle esigenze<br \/>&#8211; Definizione della struttura del sito e navigabilit\u00e0<br \/>&#8211; Studio del design in linea con l&#8217;identit\u00e0 istituzionale<\/p><p>2. **Sviluppo Web:**<br \/>&#8211; Realizzazione del layout responsive (ottimizzato per mobile e desktop)<br \/>&#8211; Sviluppo del CMS per una facile gestione dei contenuti<br \/>&#8211; Integrazione di funzionalit\u00e0 specifiche (es. moduli di contatto, area riservata, etc.)<\/p><p>3. **Ottimizzazione e Accessibilit\u00e0:**<br \/>&#8211; Ottimizzazione SEO (Search Engine Optimization)<br \/>&#8211; Verifica e implementazione standard WCAG (Web Content Accessibility Guidelines) per l&#8217;accessibilit\u00e0<\/p><p>4. **Formazione e Supporto:**<br \/>&#8211; Formazione al personale per la gestione autonoma del sito<br \/>&#8211; Supporto tecnico post-lancio per 12 mesi<\/p><p>5. **Rispetto alle linee guida AGID:**<br \/>&#8211; Rispetto indicazioni linee giuda Italia Digitale<br \/>&#8211; Aggiornamenti alle linee guida per 1 anno<\/p><p>6. **Privacy Policy:**<br \/>&#8211; Garante della Privacy n. 231 del 10 giugno 2021, entrato in vigore il 10 gennaio 2022<br \/>&#8211; Aggiornamenti Cookie e privacy Policy per 1 anno<\/p><p>&#8212;<\/p><p>**TEMPI DI REALIZZAZIONE:**<br \/>90 giorni dalla conferma dell&#8217;ordine.<\/p><p>&#8212;<\/p><p>**COSTI DETTAGLIATI:**<\/p><p>1. Analisi e Progettazione: \u20ac1.000 + IVA<br \/>2. Sviluppo Web: \u20ac1.000 + IVA<br \/>3. Ottimizzazione e Accessibilit\u00e0: \u20ac1.000 + IVA<br \/>4. Formazione e Supporto: \u20ac1.000 + IVA<\/p><p>**TOTALE:** \u20ac4.000 + IVA<\/p><p>&#8212;<\/p><p>**VALIDIT\u00c0 DELLA PROPOSTA:** 60 giorni dalla data di emissione.<\/p><p>&#8212;<\/p>\t\t\t\t\t\t\t\t<\/div>\n\t\t<div class=\"elementor-element elementor-element-3a0072f e-flex e-con-boxed e-con e-child\" data-id=\"3a0072f\" data-element_type=\"container\" data-e-type=\"container\">\n\t\t\t\t\t<div class=\"e-con-inner\">\n\t\t\t\t<div class=\"elementor-element elementor-element-77b2cc74 elementor-align-justify elementor-widget__width-initial elementor-widget elementor-widget-button\" data-id=\"77b2cc74\" data-element_type=\"widget\" data-e-type=\"widget\" data-widget_type=\"button.default\">\n\t\t\t\t\t\t\t\t\t\t<a class=\"elementor-button elementor-button-link elementor-size-sm\" href=\"https:\/\/smartlands-gis.com\/en\/richiedi-un-preventivo\/\">\n\t\t\t\t\t\t<span class=\"elementor-button-content-wrapper\">\n\t\t\t\t\t\t\t\t\t<span class=\"elementor-button-text\">Maggiori Info &gt;<\/span>\n\t\t\t\t\t<\/span>\n\t\t\t\t\t<\/a>\n\t\t\t\t\t\t\t\t<\/div>\n\t\t\t\t<div class=\"elementor-element elementor-element-8668505 elementor-align-justify elementor-widget__width-initial elementor-widget elementor-widget-button\" data-id=\"8668505\" data-element_type=\"widget\" data-e-type=\"widget\" data-widget_type=\"button.default\">\n\t\t\t\t\t\t\t\t\t\t<a class=\"elementor-button elementor-button-link elementor-size-sm\" href=\"https:\/\/smartlands-gis.com\/en\/product\/smart-site\/\" target=\"_blank\">\n\t\t\t\t\t\t<span class=\"elementor-button-content-wrapper\">\n\t\t\t\t\t\t\t\t\t<span class=\"elementor-button-text\">Acquista Ora <\/span>\n\t\t\t\t\t<\/span>\n\t\t\t\t\t<\/a>\n\t\t\t\t\t\t\t\t<\/div>\n\t\t\t\t\t<\/div>\n\t\t\t\t<\/div>\n\t\t\t\t<\/div>\n\t\t<div class=\"elementor-element elementor-element-08483d7 animated-slow e-con-full e-flex elementor-invisible e-con e-child\" data-id=\"08483d7\" data-element_type=\"container\" data-e-type=\"container\" data-settings=\"{&quot;animation&quot;:&quot;fadeInUp&quot;,&quot;animation_delay&quot;:150}\">\n\t\t\t\t<div class=\"elementor-element elementor-element-f514b90 elementor-widget elementor-widget-image\" data-id=\"f514b90\" data-element_type=\"widget\" data-e-type=\"widget\" data-widget_type=\"image.default\">\n\t\t\t\t\t\t\t\t\t\t\t\t\t\t\t<img fetchpriority=\"high\" decoding=\"async\" width=\"2560\" height=\"1707\" src=\"https:\/\/smartlands-gis.com\/wp-content\/uploads\/2023\/12\/Site-Builder-scaled.jpg\" class=\"attachment-full size-full wp-image-2801\" alt=\"\" srcset=\"https:\/\/smartlands-gis.com\/wp-content\/uploads\/2023\/12\/Site-Builder-scaled.jpg 2560w, https:\/\/smartlands-gis.com\/wp-content\/uploads\/2023\/12\/Site-Builder-scaled-600x400.jpg 600w, https:\/\/smartlands-gis.com\/wp-content\/uploads\/2023\/12\/Site-Builder-300x200.jpg 300w, https:\/\/smartlands-gis.com\/wp-content\/uploads\/2023\/12\/Site-Builder-1024x683.jpg 1024w, https:\/\/smartlands-gis.com\/wp-content\/uploads\/2023\/12\/Site-Builder-768x512.jpg 768w, https:\/\/smartlands-gis.com\/wp-content\/uploads\/2023\/12\/Site-Builder-1536x1024.jpg 1536w, https:\/\/smartlands-gis.com\/wp-content\/uploads\/2023\/12\/Site-Builder-2048x1365.jpg 2048w, https:\/\/smartlands-gis.com\/wp-content\/uploads\/2023\/12\/Site-Builder-18x12.jpg 18w\" sizes=\"(max-width: 2560px) 100vw, 2560px\" \/>\t\t\t\t\t\t\t\t\t\t\t\t\t\t\t<\/div>\n\t\t\t\t<\/div>\n\t\t\t\t<\/div>\n\t\t\t\t<div class=\"elementor-element elementor-element-7fefa40f animated-slow elementor-invisible elementor-widget elementor-widget-heading\" data-id=\"7fefa40f\" data-element_type=\"widget\" data-e-type=\"widget\" data-settings=\"{&quot;_animation&quot;:&quot;slideInUp&quot;}\" data-widget_type=\"heading.default\">\n\t\t\t\t\t<h2 class=\"elementor-heading-title elementor-size-default\">RINNOVO E MANUTENZIONE\n<\/h2>\t\t\t\t<\/div>\n\t\t\t\t<div class=\"elementor-element elementor-element-3197604f elementor-widget elementor-widget-text-editor\" data-id=\"3197604f\" data-element_type=\"widget\" data-e-type=\"widget\" data-widget_type=\"text-editor.default\">\n\t\t\t\t\t\t\t\t\t<p style=\"text-align: left;\">**Hosting e Manutenzione:**<br \/>&#8211; Fornitura hosting per 1 anno<br \/>&#8211; Manutenzione e aggiornamenti tecnici per 1 anno<br \/>&#8211; 50GB spazio di archiviazione<br \/>Hosting e Manutenzione: \u20ac1.000 + IVA<br \/>Sono previsti ulteriori sconti su rinnovo hosting se associato al SIT o Spazio Cloud per archiviazione dati<\/p>\t\t\t\t\t\t\t\t<\/div>\n\t\t\t\t<div class=\"elementor-element elementor-element-611419e animated-slow elementor-invisible elementor-widget elementor-widget-heading\" data-id=\"611419e\" data-element_type=\"widget\" data-e-type=\"widget\" data-settings=\"{&quot;_animation&quot;:&quot;slideInUp&quot;}\" data-widget_type=\"heading.default\">\n\t\t\t\t\t<h2 class=\"elementor-heading-title elementor-size-default\">Promozioni<\/h2>\t\t\t\t<\/div>\n\t\t\t\t<div class=\"elementor-element elementor-element-6642828 elementor-widget elementor-widget-text-editor\" data-id=\"6642828\" data-element_type=\"widget\" data-e-type=\"widget\" data-widget_type=\"text-editor.default\">\n\t\t\t\t\t\t\t\t\t<p style=\"text-align: left;\"><span style=\"text-decoration: underline;\">Sconto del 25% sul preventivo se associato al progetto SIT sistema informativo territoriale o Spazio Cloud Sicuro per archiviazione dati<\/span><\/p>\t\t\t\t\t\t\t\t<\/div>\n\t\t\t\t<div class=\"elementor-element elementor-element-f6bc660 animated-slow elementor-invisible elementor-widget elementor-widget-heading\" data-id=\"f6bc660\" data-element_type=\"widget\" data-e-type=\"widget\" data-settings=\"{&quot;_animation&quot;:&quot;slideInUp&quot;}\" data-widget_type=\"heading.default\">\n\t\t\t\t\t<h2 class=\"elementor-heading-title elementor-size-default\">Note<\/h2>\t\t\t\t<\/div>\n\t\t\t\t<div class=\"elementor-element elementor-element-4aefc57 elementor-widget elementor-widget-text-editor\" data-id=\"4aefc57\" data-element_type=\"widget\" data-e-type=\"widget\" data-widget_type=\"text-editor.default\">\n\t\t\t\t\t\t\t\t\t<p style=\"text-align: left;\"><span style=\"font-weight: 400;\">Tutte le eventuali modifiche o aggiunte al progetto iniziale potrebbero comportare una variazione del preventivo.<\/span><\/p>\t\t\t\t\t\t\t\t<\/div>\n\t\t\t\t\t<\/div>\n\t\t\t\t<\/div>\n\t\t\t\t\t<\/div>\n\t\t\t\t<\/div>\n\t\t\t\t<\/div>","protected":false},"excerpt":{"rendered":"<p>Smart Site Performace e Affidabilit\u00e0 Il sito per la Pubblica Amministrazione Assistenza e consulenza remota Il progetto prevede la realizzazione di un sito web per la Pubblica Amministrazione al fine di garantire una comunicazione chiara, immediata e accessibile a tutti i cittadini. Il sito sar\u00e0 ottimizzato per la fruizione da dispositivi mobili e desktop e [&hellip;]<\/p>\n","protected":false},"author":1,"featured_media":0,"parent":0,"menu_order":0,"comment_status":"closed","ping_status":"closed","template":"","meta":{"iawp_total_views":39,"footnotes":""},"class_list":["post-2637","page","type-page","status-publish","hentry"],"yoast_head":"<!-- This site is optimized with the Yoast SEO plugin v27.3 - https:\/\/yoast.com\/product\/yoast-seo-wordpress\/ -->\n<title>SMARTSITE - SmartLands GIS Shop<\/title>\n<meta name=\"robots\" content=\"index, follow, max-snippet:-1, max-image-preview:large, max-video-preview:-1\" \/>\n<link rel=\"canonical\" href=\"https:\/\/smartlands-gis.com\/en\/smartsite\/\" \/>\n<meta property=\"og:locale\" content=\"en_GB\" \/>\n<meta property=\"og:type\" content=\"article\" \/>\n<meta property=\"og:title\" content=\"SMARTSITE - SmartLands GIS Shop\" \/>\n<meta property=\"og:description\" content=\"Smart Site Performace e Affidabilit\u00e0 Il sito per la Pubblica Amministrazione Assistenza e consulenza remota Il progetto prevede la realizzazione di un sito web per la Pubblica Amministrazione al fine di garantire una comunicazione chiara, immediata e accessibile a tutti i cittadini. Il sito sar\u00e0 ottimizzato per la fruizione da dispositivi mobili e desktop e [&hellip;]\" \/>\n<meta property=\"og:url\" content=\"https:\/\/smartlands-gis.com\/en\/smartsite\/\" \/>\n<meta property=\"og:site_name\" content=\"SmartLands GIS Shop\" \/>\n<meta property=\"article:publisher\" content=\"https:\/\/www.facebook.com\/smartlandsSRL\" \/>\n<meta property=\"article:modified_time\" content=\"2024-02-21T18:24:13+00:00\" \/>\n<meta property=\"og:image\" content=\"https:\/\/smartlands-gis.com\/wp-content\/uploads\/2023\/12\/Site-Builder-scaled.jpg\" \/>\n<meta name=\"twitter:card\" content=\"summary_large_image\" \/>\n<meta name=\"twitter:label1\" content=\"Estimated reading time\" \/>\n\t<meta name=\"twitter:data1\" content=\"2 minutes\" \/>\n<script type=\"application\/ld+json\" class=\"yoast-schema-graph\">{\"@context\":\"https:\\\/\\\/schema.org\",\"@graph\":[{\"@type\":\"WebPage\",\"@id\":\"https:\\\/\\\/smartlands-gis.com\\\/it_it\\\/smartsite\\\/\",\"url\":\"https:\\\/\\\/smartlands-gis.com\\\/it_it\\\/smartsite\\\/\",\"name\":\"SMARTSITE - SmartLands GIS Shop\",\"isPartOf\":{\"@id\":\"https:\\\/\\\/smartlands-gis.com\\\/it_it\\\/#website\"},\"primaryImageOfPage\":{\"@id\":\"https:\\\/\\\/smartlands-gis.com\\\/it_it\\\/smartsite\\\/#primaryimage\"},\"image\":{\"@id\":\"https:\\\/\\\/smartlands-gis.com\\\/it_it\\\/smartsite\\\/#primaryimage\"},\"thumbnailUrl\":\"https:\\\/\\\/smartlands-gis.com\\\/wp-content\\\/uploads\\\/2023\\\/12\\\/Site-Builder-scaled.jpg\",\"datePublished\":\"2023-12-23T15:10:09+00:00\",\"dateModified\":\"2024-02-21T18:24:13+00:00\",\"breadcrumb\":{\"@id\":\"https:\\\/\\\/smartlands-gis.com\\\/it_it\\\/smartsite\\\/#breadcrumb\"},\"inLanguage\":\"en-GB\",\"potentialAction\":[{\"@type\":\"ReadAction\",\"target\":[\"https:\\\/\\\/smartlands-gis.com\\\/it_it\\\/smartsite\\\/\"]}]},{\"@type\":\"ImageObject\",\"inLanguage\":\"en-GB\",\"@id\":\"https:\\\/\\\/smartlands-gis.com\\\/it_it\\\/smartsite\\\/#primaryimage\",\"url\":\"https:\\\/\\\/smartlands-gis.com\\\/wp-content\\\/uploads\\\/2023\\\/12\\\/Site-Builder-scaled.jpg\",\"contentUrl\":\"https:\\\/\\\/smartlands-gis.com\\\/wp-content\\\/uploads\\\/2023\\\/12\\\/Site-Builder-scaled.jpg\"},{\"@type\":\"BreadcrumbList\",\"@id\":\"https:\\\/\\\/smartlands-gis.com\\\/it_it\\\/smartsite\\\/#breadcrumb\",\"itemListElement\":[{\"@type\":\"ListItem\",\"position\":1,\"name\":\"Home\",\"item\":\"https:\\\/\\\/smartlands-gis.com\\\/it_it\\\/\"},{\"@type\":\"ListItem\",\"position\":2,\"name\":\"SMARTSITE\"}]},{\"@type\":\"WebSite\",\"@id\":\"https:\\\/\\\/smartlands-gis.com\\\/it_it\\\/#website\",\"url\":\"https:\\\/\\\/smartlands-gis.com\\\/it_it\\\/\",\"name\":\"SmartLands GIS Shop\",\"description\":\"Il territorio a portata di un click\",\"publisher\":{\"@id\":\"https:\\\/\\\/smartlands-gis.com\\\/it_it\\\/#organization\"},\"potentialAction\":[{\"@type\":\"SearchAction\",\"target\":{\"@type\":\"EntryPoint\",\"urlTemplate\":\"https:\\\/\\\/smartlands-gis.com\\\/it_it\\\/?s={search_term_string}\"},\"query-input\":{\"@type\":\"PropertyValueSpecification\",\"valueRequired\":true,\"valueName\":\"search_term_string\"}}],\"inLanguage\":\"en-GB\"},{\"@type\":\"Organization\",\"@id\":\"https:\\\/\\\/smartlands-gis.com\\\/it_it\\\/#organization\",\"name\":\"SmartLands GIS Shop\",\"url\":\"https:\\\/\\\/smartlands-gis.com\\\/it_it\\\/\",\"logo\":{\"@type\":\"ImageObject\",\"inLanguage\":\"en-GB\",\"@id\":\"https:\\\/\\\/smartlands-gis.com\\\/it_it\\\/#\\\/schema\\\/logo\\\/image\\\/\",\"url\":\"https:\\\/\\\/smartlands-gis.com\\\/wp-content\\\/uploads\\\/2022\\\/04\\\/Smartlands-logo.png\",\"contentUrl\":\"https:\\\/\\\/smartlands-gis.com\\\/wp-content\\\/uploads\\\/2022\\\/04\\\/Smartlands-logo.png\",\"width\":1440,\"height\":630,\"caption\":\"SmartLands GIS Shop\"},\"image\":{\"@id\":\"https:\\\/\\\/smartlands-gis.com\\\/it_it\\\/#\\\/schema\\\/logo\\\/image\\\/\"},\"sameAs\":[\"https:\\\/\\\/www.facebook.com\\\/smartlandsSRL\"]}]}<\/script>\n<!-- \/ Yoast SEO plugin. -->","yoast_head_json":{"title":"SMARTSITE - SmartLands GIS Shop","robots":{"index":"index","follow":"follow","max-snippet":"max-snippet:-1","max-image-preview":"max-image-preview:large","max-video-preview":"max-video-preview:-1"},"canonical":"https:\/\/smartlands-gis.com\/en\/smartsite\/","og_locale":"en_GB","og_type":"article","og_title":"SMARTSITE - SmartLands GIS Shop","og_description":"Smart Site Performace e Affidabilit\u00e0 Il sito per la Pubblica Amministrazione Assistenza e consulenza remota Il progetto prevede la realizzazione di un sito web per la Pubblica Amministrazione al fine di garantire una comunicazione chiara, immediata e accessibile a tutti i cittadini. Il sito sar\u00e0 ottimizzato per la fruizione da dispositivi mobili e desktop e [&hellip;]","og_url":"https:\/\/smartlands-gis.com\/en\/smartsite\/","og_site_name":"SmartLands GIS Shop","article_publisher":"https:\/\/www.facebook.com\/smartlandsSRL","article_modified_time":"2024-02-21T18:24:13+00:00","og_image":[{"url":"https:\/\/smartlands-gis.com\/wp-content\/uploads\/2023\/12\/Site-Builder-scaled.jpg","type":"","width":"","height":""}],"twitter_card":"summary_large_image","twitter_misc":{"Estimated reading time":"2 minutes"},"schema":{"@context":"https:\/\/schema.org","@graph":[{"@type":"WebPage","@id":"https:\/\/smartlands-gis.com\/it_it\/smartsite\/","url":"https:\/\/smartlands-gis.com\/it_it\/smartsite\/","name":"SMARTSITE - SmartLands GIS Shop","isPartOf":{"@id":"https:\/\/smartlands-gis.com\/it_it\/#website"},"primaryImageOfPage":{"@id":"https:\/\/smartlands-gis.com\/it_it\/smartsite\/#primaryimage"},"image":{"@id":"https:\/\/smartlands-gis.com\/it_it\/smartsite\/#primaryimage"},"thumbnailUrl":"https:\/\/smartlands-gis.com\/wp-content\/uploads\/2023\/12\/Site-Builder-scaled.jpg","datePublished":"2023-12-23T15:10:09+00:00","dateModified":"2024-02-21T18:24:13+00:00","breadcrumb":{"@id":"https:\/\/smartlands-gis.com\/it_it\/smartsite\/#breadcrumb"},"inLanguage":"en-GB","potentialAction":[{"@type":"ReadAction","target":["https:\/\/smartlands-gis.com\/it_it\/smartsite\/"]}]},{"@type":"ImageObject","inLanguage":"en-GB","@id":"https:\/\/smartlands-gis.com\/it_it\/smartsite\/#primaryimage","url":"https:\/\/smartlands-gis.com\/wp-content\/uploads\/2023\/12\/Site-Builder-scaled.jpg","contentUrl":"https:\/\/smartlands-gis.com\/wp-content\/uploads\/2023\/12\/Site-Builder-scaled.jpg"},{"@type":"BreadcrumbList","@id":"https:\/\/smartlands-gis.com\/it_it\/smartsite\/#breadcrumb","itemListElement":[{"@type":"ListItem","position":1,"name":"Home","item":"https:\/\/smartlands-gis.com\/it_it\/"},{"@type":"ListItem","position":2,"name":"SMARTSITE"}]},{"@type":"WebSite","@id":"https:\/\/smartlands-gis.com\/it_it\/#website","url":"https:\/\/smartlands-gis.com\/it_it\/","name":"SmartLands GIS Shop","description":"Il territorio a portata di un click","publisher":{"@id":"https:\/\/smartlands-gis.com\/it_it\/#organization"},"potentialAction":[{"@type":"SearchAction","target":{"@type":"EntryPoint","urlTemplate":"https:\/\/smartlands-gis.com\/it_it\/?s={search_term_string}"},"query-input":{"@type":"PropertyValueSpecification","valueRequired":true,"valueName":"search_term_string"}}],"inLanguage":"en-GB"},{"@type":"Organization","@id":"https:\/\/smartlands-gis.com\/it_it\/#organization","name":"SmartLands GIS Shop","url":"https:\/\/smartlands-gis.com\/it_it\/","logo":{"@type":"ImageObject","inLanguage":"en-GB","@id":"https:\/\/smartlands-gis.com\/it_it\/#\/schema\/logo\/image\/","url":"https:\/\/smartlands-gis.com\/wp-content\/uploads\/2022\/04\/Smartlands-logo.png","contentUrl":"https:\/\/smartlands-gis.com\/wp-content\/uploads\/2022\/04\/Smartlands-logo.png","width":1440,"height":630,"caption":"SmartLands GIS Shop"},"image":{"@id":"https:\/\/smartlands-gis.com\/it_it\/#\/schema\/logo\/image\/"},"sameAs":["https:\/\/www.facebook.com\/smartlandsSRL"]}]}},"_links":{"self":[{"href":"https:\/\/smartlands-gis.com\/en\/wp-json\/wp\/v2\/pages\/2637","targetHints":{"allow":["GET"]}}],"collection":[{"href":"https:\/\/smartlands-gis.com\/en\/wp-json\/wp\/v2\/pages"}],"about":[{"href":"https:\/\/smartlands-gis.com\/en\/wp-json\/wp\/v2\/types\/page"}],"author":[{"embeddable":true,"href":"https:\/\/smartlands-gis.com\/en\/wp-json\/wp\/v2\/users\/1"}],"replies":[{"embeddable":true,"href":"https:\/\/smartlands-gis.com\/en\/wp-json\/wp\/v2\/comments?post=2637"}],"version-history":[{"count":23,"href":"https:\/\/smartlands-gis.com\/en\/wp-json\/wp\/v2\/pages\/2637\/revisions"}],"predecessor-version":[{"id":3017,"href":"https:\/\/smartlands-gis.com\/en\/wp-json\/wp\/v2\/pages\/2637\/revisions\/3017"}],"wp:attachment":[{"href":"https:\/\/smartlands-gis.com\/en\/wp-json\/wp\/v2\/media?parent=2637"}],"curies":[{"name":"wp","href":"https:\/\/api.w.org\/{rel}","templated":true}]}}