{"id":349,"date":"2022-07-22T16:23:46","date_gmt":"2022-07-22T14:23:46","guid":{"rendered":"https:\/\/smartlands-gis.com\/?page_id=349"},"modified":"2025-01-18T11:33:11","modified_gmt":"2025-01-18T10:33:11","slug":"sig-sistema-informativo-geografico","status":"publish","type":"page","link":"https:\/\/smartlands-gis.com\/en\/sig-sistema-informativo-geografico\/","title":{"rendered":"SIG \u2013 Geographic Information System"},"content":{"rendered":"<div data-elementor-type=\"wp-page\" data-elementor-id=\"349\" class=\"elementor elementor-349\" data-elementor-post-type=\"page\">\n\t\t\t\t<div class=\"elementor-element elementor-element-fad1d13 e-flex e-con-boxed e-con e-parent\" data-id=\"fad1d13\" data-element_type=\"container\" data-e-type=\"container\" data-settings=\"{&quot;background_background&quot;:&quot;classic&quot;}\">\n\t\t\t\t\t<div class=\"e-con-inner\">\n\t\t\t\t<div class=\"elementor-element elementor-element-7484f06 elementor-widget elementor-widget-spacer\" data-id=\"7484f06\" data-element_type=\"widget\" data-e-type=\"widget\" data-widget_type=\"spacer.default\">\n\t\t\t\t\t\t\t<div class=\"elementor-spacer\">\n\t\t\t<div class=\"elementor-spacer-inner\"><\/div>\n\t\t<\/div>\n\t\t\t\t\t\t<\/div>\n\t\t\t\t\t<\/div>\n\t\t\t\t<\/div>\n\t\t\t\t<section class=\"elementor-section elementor-top-section elementor-element elementor-element-ae68a04 elementor-section-boxed elementor-section-height-default elementor-section-height-default\" data-id=\"ae68a04\" data-element_type=\"section\" data-e-type=\"section\" data-settings=\"{&quot;shape_divider_bottom&quot;:&quot;tilt&quot;,&quot;background_background&quot;:&quot;classic&quot;}\">\n\t\t\t\t\t<div class=\"elementor-shape elementor-shape-bottom\" aria-hidden=\"true\" data-negative=\"false\">\n\t\t\t<svg xmlns=\"http:\/\/www.w3.org\/2000\/svg\" viewbox=\"0 0 1000 100\" preserveaspectratio=\"none\">\n\t<path class=\"elementor-shape-fill\" d=\"M0,6V0h1000v100L0,6z\"\/>\n<\/svg>\t\t<\/div>\n\t\t\t\t\t<div class=\"elementor-container elementor-column-gap-default\">\n\t\t\t\t\t<div class=\"elementor-column elementor-col-100 elementor-top-column elementor-element elementor-element-6f34e9e9\" data-id=\"6f34e9e9\" data-element_type=\"column\" data-e-type=\"column\" data-settings=\"{&quot;background_background&quot;:&quot;classic&quot;}\">\n\t\t\t<div class=\"elementor-widget-wrap elementor-element-populated\">\n\t\t\t\t\t\t<div class=\"elementor-element elementor-element-bdc49fc elementor-widget__width-auto elementor-widget-tablet__width-initial elementor-widget elementor-widget-heading\" data-id=\"bdc49fc\" data-element_type=\"widget\" data-e-type=\"widget\" data-widget_type=\"heading.default\">\n\t\t\t\t\t<h1 class=\"elementor-heading-title elementor-size-default\">Informative system<br \/>\nTerritorial<\/h1>\t\t\t\t<\/div>\n\t\t\t\t<div class=\"elementor-element elementor-element-b89a83f elementor-align-right elementor-widget__width-auto elementor-widget-tablet__width-initial elementor-widget elementor-widget-lottie\" data-id=\"b89a83f\" data-element_type=\"widget\" data-e-type=\"widget\" data-settings=\"{&quot;source&quot;:&quot;external_url&quot;,&quot;source_external_url&quot;:{&quot;url&quot;:&quot;https:\\\/\\\/assets2.lottiefiles.com\\\/packages\\\/lf20_q4m6OS.json&quot;,&quot;is_external&quot;:&quot;&quot;,&quot;nofollow&quot;:&quot;&quot;,&quot;custom_attributes&quot;:&quot;&quot;},&quot;link_to&quot;:&quot;none&quot;,&quot;trigger&quot;:&quot;arriving_to_viewport&quot;,&quot;viewport&quot;:{&quot;unit&quot;:&quot;%&quot;,&quot;size&quot;:&quot;&quot;,&quot;sizes&quot;:{&quot;start&quot;:0,&quot;end&quot;:100}},&quot;play_speed&quot;:{&quot;unit&quot;:&quot;px&quot;,&quot;size&quot;:1,&quot;sizes&quot;:[]},&quot;start_point&quot;:{&quot;unit&quot;:&quot;%&quot;,&quot;size&quot;:0,&quot;sizes&quot;:[]},&quot;end_point&quot;:{&quot;unit&quot;:&quot;%&quot;,&quot;size&quot;:100,&quot;sizes&quot;:[]},&quot;renderer&quot;:&quot;svg&quot;}\" data-widget_type=\"lottie.default\">\n\t\t\t\t\t<div class=\"e-lottie__container\"><div class=\"e-lottie__animation\"><\/div><\/div>\t\t\t\t<\/div>\n\t\t\t\t<div class=\"elementor-element elementor-element-dcabbfd elementor-widget elementor-widget-breadcrumbs\" data-id=\"dcabbfd\" data-element_type=\"widget\" data-e-type=\"widget\" data-widget_type=\"breadcrumbs.default\">\n\t\t\t\t\t<p id=\"breadcrumbs\"><span><span><a href=\"https:\/\/smartlands-gis.com\/en\/\">Home<\/a><\/span><\/span><\/p>\t\t\t\t<\/div>\n\t\t\t\t<div class=\"elementor-element elementor-element-4a08933d elementor-widget elementor-widget-text-editor\" data-id=\"4a08933d\" data-element_type=\"widget\" data-e-type=\"widget\" data-widget_type=\"text-editor.default\">\n\t\t\t\t\t\t\t\t\t<p>The territorial information system (SIT) is responsible for organizing, updating and disseminating geographical information. The SIT is the reference point for all information and planning documents relating to land management.<\/p><p>The webgis and the web maps are part of the SIT However the SIT is much more than just mere interactive maps, within this system we will also find other types of files and also accesses to Databases. All this to support the public administrations, large logistics companies and agricultural companies.<\/p><p>The SITs must follow the Agid guidelines and be in line with national and European standards (<a style=\"color: #ffde01;\" href=\"https:\/\/docs.italia.it\/italia\/designers-italia\/design-linee-guida-docs\/it\/stabile\/index.html\">https:\/\/docs.italia.it\/italia\/designers-italia\/design-linee-guida-docs\/it\/stabile\/index.html<\/a>)<\/p><p>The GIS must also comply with the INSPIRE directive, acronym of INfrastructure for SPatial InfoRmation in Europe, is a European Directive, which came into force on 15 May 2007, which establishes an infrastructure for spatial information in the European Community. The purpose of the aforementioned Directive is to ensure that the spatial data infrastructures of all member states are compatible and usable in a Pan-European context, so as to overcome problems regarding the availability, quality, organization and accessibility of data. INSPIRE intends to facilitate the search for spatial data through the web, paying attention to community environmental policies and to activities that may have repercussions on the environment, through the infrastructures for spatial information created by the Member States.<\/p><p>Consequently we can safely say that the European INSPIRE Directive aims to bring the administrations of the Member States to have information systems that have a base of Open Source Tools and Open Data. Smartlands srl fully embraces the directive using the file formats that the directive requires and uses Qgis with the GNU General Public License<\/p><p><span style=\"font-size: 1rem;\">The diffusion of the concept of transparency and the need to share information becomes fundamental for the standardization and interoperability of data and information; taking into account privacy.<\/span><\/p><p>Our SIT is based on a multilevel cloud infrastructure, accessible from a browser through profiled users. We use encrypted clouds and all open source programs.<\/p><p>\u00a0<\/p>\t\t\t\t\t\t\t\t<\/div>\n\t\t\t\t<div class=\"elementor-element elementor-element-2ddda0f elementor-widget elementor-widget-n-accordion\" data-id=\"2ddda0f\" data-element_type=\"widget\" data-e-type=\"widget\" data-settings=\"{&quot;default_state&quot;:&quot;expanded&quot;,&quot;max_items_expended&quot;:&quot;one&quot;,&quot;n_accordion_animation_duration&quot;:{&quot;unit&quot;:&quot;ms&quot;,&quot;size&quot;:400,&quot;sizes&quot;:[]}}\" data-widget_type=\"nested-accordion.default\">\n\t\t\t\t\t\t\t<div class=\"e-n-accordion\" aria-label=\"Accordion. Open links with Enter or Space, close with Escape, and navigate with Arrow Keys\">\n\t\t\t\t\t\t<details id=\"e-n-accordion-item-4800\" class=\"e-n-accordion-item\" open>\n\t\t\t\t<summary class=\"e-n-accordion-item-title\" data-accordion-index=\"1\" tabindex=\"0\" aria-expanded=\"true\" aria-controls=\"e-n-accordion-item-4800\" >\n\t\t\t\t\t<span class='e-n-accordion-item-title-header'><div class=\"e-n-accordion-item-title-text\"> MAPPE DINAMICHE <\/div><\/span>\n\t\t\t\t\t\t\t<span class='e-n-accordion-item-title-icon'>\n\t\t\t<span class='e-opened' ><svg aria-hidden=\"true\" class=\"e-font-icon-svg e-fas-minus\" viewbox=\"0 0 448 512\" xmlns=\"http:\/\/www.w3.org\/2000\/svg\"><path d=\"M416 208H32c-17.67 0-32 14.33-32 32v32c0 17.67 14.33 32 32 32h384c17.67 0 32-14.33 32-32v-32c0-17.67-14.33-32-32-32z\"><\/path><\/svg><\/span>\n\t\t\t<span class='e-closed'><svg aria-hidden=\"true\" class=\"e-font-icon-svg e-fas-plus\" viewbox=\"0 0 448 512\" xmlns=\"http:\/\/www.w3.org\/2000\/svg\"><path d=\"M416 208H272V64c0-17.67-14.33-32-32-32h-32c-17.67 0-32 14.33-32 32v144H32c-17.67 0-32 14.33-32 32v32c0 17.67 14.33 32 32 32h144v144c0 17.67 14.33 32 32 32h32c17.67 0 32-14.33 32-32V304h144c17.67 0 32-14.33 32-32v-32c0-17.67-14.33-32-32-32z\"><\/path><\/svg><\/span>\n\t\t<\/span>\n\n\t\t\t\t\t\t<\/summary>\n\t\t\t\t<div role=\"region\" aria-labelledby=\"e-n-accordion-item-4800\" class=\"elementor-element elementor-element-df077b8 e-con-full e-flex e-con e-child\" data-id=\"df077b8\" data-element_type=\"container\" data-e-type=\"container\">\n\t\t\t\t<div class=\"elementor-element elementor-element-9d5d8ac elementor-widget elementor-widget-text-editor\" data-id=\"9d5d8ac\" data-element_type=\"widget\" data-e-type=\"widget\" data-widget_type=\"text-editor.default\">\n\t\t\t\t\t\t\t\t\t<p>Le mappe web dinamiche sono strumenti interattivi che permettono di visualizzare e manipolare dati geospaziali in tempo reale tramite un browser web. A differenza delle mappe statiche, che mostrano solo immagini predefinite, le mappe dinamiche consentono all&#8217;utente di zoomare, fare pan, aggiungere o rimuovere strati (layer), e interagire con i dati (ad esempio, cliccando su punti d&#8217;interesse per ottenere informazioni aggiuntive).<\/p><p>Molto importante utilizzare PostGIS per la modifica o l\u2019aggiornamento del dato sia su QGIS sia sulla mappa web.<br \/><br \/>Per mappa dinamica intendiamo una mappa web che pu\u00f2 essere modificata in qualsiasi momento grazie ad un database PostGIS.<\/p>\t\t\t\t\t\t\t\t<\/div>\n\t\t\t\t<\/div>\n\t\t\t\t\t<\/details>\n\t\t\t\t\t\t<details id=\"e-n-accordion-item-4801\" class=\"e-n-accordion-item\" >\n\t\t\t\t<summary class=\"e-n-accordion-item-title\" data-accordion-index=\"2\" tabindex=\"-1\" aria-expanded=\"false\" aria-controls=\"e-n-accordion-item-4801\" >\n\t\t\t\t\t<span class='e-n-accordion-item-title-header'><div class=\"e-n-accordion-item-title-text\"> MAPPE STATICHE <\/div><\/span>\n\t\t\t\t\t\t\t<span class='e-n-accordion-item-title-icon'>\n\t\t\t<span class='e-opened' ><svg aria-hidden=\"true\" class=\"e-font-icon-svg e-fas-minus\" viewbox=\"0 0 448 512\" xmlns=\"http:\/\/www.w3.org\/2000\/svg\"><path d=\"M416 208H32c-17.67 0-32 14.33-32 32v32c0 17.67 14.33 32 32 32h384c17.67 0 32-14.33 32-32v-32c0-17.67-14.33-32-32-32z\"><\/path><\/svg><\/span>\n\t\t\t<span class='e-closed'><svg aria-hidden=\"true\" class=\"e-font-icon-svg e-fas-plus\" viewbox=\"0 0 448 512\" xmlns=\"http:\/\/www.w3.org\/2000\/svg\"><path d=\"M416 208H272V64c0-17.67-14.33-32-32-32h-32c-17.67 0-32 14.33-32 32v144H32c-17.67 0-32 14.33-32 32v32c0 17.67 14.33 32 32 32h144v144c0 17.67 14.33 32 32 32h32c17.67 0 32-14.33 32-32V304h144c17.67 0 32-14.33 32-32v-32c0-17.67-14.33-32-32-32z\"><\/path><\/svg><\/span>\n\t\t<\/span>\n\n\t\t\t\t\t\t<\/summary>\n\t\t\t\t<div role=\"region\" aria-labelledby=\"e-n-accordion-item-4801\" class=\"elementor-element elementor-element-ac1318b e-con-full e-flex e-con e-child\" data-id=\"ac1318b\" data-element_type=\"container\" data-e-type=\"container\">\n\t\t\t\t<div class=\"elementor-element elementor-element-6e05a3a elementor-widget elementor-widget-text-editor\" data-id=\"6e05a3a\" data-element_type=\"widget\" data-e-type=\"widget\" data-widget_type=\"text-editor.default\">\n\t\t\t\t\t\t\t\t\t<p>La mappa web statica invece si diversifica dalla mappa web dinamica perch\u00e8 non pu\u00f2 essere modificata. Il webGIS statico una volta caricato \u00e8 interattivo ma non modificabile perch\u00e9 non ha in estensione PostGIS.<\/p><p>Il miglior prodotto per un webGIS statico \u00e8 Leaflet.js, il quale \u00e8 una libreria JavaScript open-source per la creazione di mappe interattive.<\/p><p>\u00c8 leggera, facile da usare e molto popolare, grazie alla sua efficienza e alla capacit\u00e0 di lavorare su dispositivi mobili.<\/p><p>Un altro prodotto invece sempre per la mappa web \u00e8 openlayers<\/p>\t\t\t\t\t\t\t\t<\/div>\n\t\t\t\t<\/div>\n\t\t\t\t\t<\/details>\n\t\t\t\t\t<\/div>\n\t\t\t\t\t\t<\/div>\n\t\t\t\t\t<\/div>\n\t\t<\/div>\n\t\t\t\t\t<\/div>\n\t\t<\/section>\n\t\t\t\t<\/div>","protected":false},"excerpt":{"rendered":"<p>Sistema Informativo Territoriale Il sistema informativo territoriale (S.I.T.) si occupa di organizzare aggiornare e diffondere l&#8217;informazione geografica. Il S.I.T.\u00a0 \u00e8 il riferimento per per tutte le informazioni e gli atti di pianificazione relativi alla gestione del territorio. Il webgis e le mappe web fanno parte del S.I.T. Per\u00f2 il S.I.T. \u00e8 molto di pi\u00f9 che [&hellip;]<\/p>\n","protected":false},"author":1,"featured_media":0,"parent":0,"menu_order":0,"comment_status":"closed","ping_status":"closed","template":"","meta":{"iawp_total_views":141,"footnotes":""},"class_list":["post-349","page","type-page","status-publish","hentry"],"yoast_head":"<!-- This site is optimized with the Yoast SEO plugin v27.3 - https:\/\/yoast.com\/product\/yoast-seo-wordpress\/ -->\n<title>SIG - Sistema Informativo Geografico - SmartLands GIS Shop<\/title>\n<meta name=\"robots\" content=\"index, follow, max-snippet:-1, max-image-preview:large, max-video-preview:-1\" \/>\n<link rel=\"canonical\" href=\"https:\/\/smartlands-gis.com\/en\/sig-sistema-informativo-geografico\/\" \/>\n<meta property=\"og:locale\" content=\"en_GB\" \/>\n<meta property=\"og:type\" content=\"article\" \/>\n<meta property=\"og:title\" content=\"SIG - Sistema Informativo Geografico - SmartLands GIS Shop\" \/>\n<meta property=\"og:description\" content=\"Sistema Informativo Territoriale Il sistema informativo territoriale (S.I.T.) si occupa di organizzare aggiornare e diffondere l&#8217;informazione geografica. Il S.I.T.\u00a0 \u00e8 il riferimento per per tutte le informazioni e gli atti di pianificazione relativi alla gestione del territorio. Il webgis e le mappe web fanno parte del S.I.T. Per\u00f2 il S.I.T. \u00e8 molto di pi\u00f9 che [&hellip;]\" \/>\n<meta property=\"og:url\" content=\"https:\/\/smartlands-gis.com\/en\/sig-sistema-informativo-geografico\/\" \/>\n<meta property=\"og:site_name\" content=\"SmartLands GIS Shop\" \/>\n<meta property=\"article:publisher\" content=\"https:\/\/www.facebook.com\/smartlandsSRL\" \/>\n<meta property=\"article:modified_time\" content=\"2025-01-18T10:33:11+00:00\" \/>\n<meta name=\"twitter:card\" content=\"summary_large_image\" \/>\n<script type=\"application\/ld+json\" class=\"yoast-schema-graph\">{\"@context\":\"https:\\\/\\\/schema.org\",\"@graph\":[{\"@type\":\"WebPage\",\"@id\":\"https:\\\/\\\/smartlands-gis.com\\\/sig-sistema-informativo-geografico\\\/\",\"url\":\"https:\\\/\\\/smartlands-gis.com\\\/sig-sistema-informativo-geografico\\\/\",\"name\":\"SIG - Sistema Informativo Geografico - SmartLands GIS Shop\",\"isPartOf\":{\"@id\":\"https:\\\/\\\/smartlands-gis.com\\\/it_it\\\/#website\"},\"datePublished\":\"2022-07-22T14:23:46+00:00\",\"dateModified\":\"2025-01-18T10:33:11+00:00\",\"breadcrumb\":{\"@id\":\"https:\\\/\\\/smartlands-gis.com\\\/sig-sistema-informativo-geografico\\\/#breadcrumb\"},\"inLanguage\":\"en-GB\",\"potentialAction\":[{\"@type\":\"ReadAction\",\"target\":[\"https:\\\/\\\/smartlands-gis.com\\\/sig-sistema-informativo-geografico\\\/\"]}]},{\"@type\":\"BreadcrumbList\",\"@id\":\"https:\\\/\\\/smartlands-gis.com\\\/sig-sistema-informativo-geografico\\\/#breadcrumb\",\"itemListElement\":[{\"@type\":\"ListItem\",\"position\":1,\"name\":\"Home\",\"item\":\"https:\\\/\\\/smartlands-gis.com\\\/it_it\\\/\"},{\"@type\":\"ListItem\",\"position\":2,\"name\":\"SIG &#8211; Sistema Informativo Geografico\"}]},{\"@type\":\"WebSite\",\"@id\":\"https:\\\/\\\/smartlands-gis.com\\\/it_it\\\/#website\",\"url\":\"https:\\\/\\\/smartlands-gis.com\\\/it_it\\\/\",\"name\":\"SmartLands GIS Shop\",\"description\":\"Il territorio a portata di un click\",\"publisher\":{\"@id\":\"https:\\\/\\\/smartlands-gis.com\\\/it_it\\\/#organization\"},\"potentialAction\":[{\"@type\":\"SearchAction\",\"target\":{\"@type\":\"EntryPoint\",\"urlTemplate\":\"https:\\\/\\\/smartlands-gis.com\\\/it_it\\\/?s={search_term_string}\"},\"query-input\":{\"@type\":\"PropertyValueSpecification\",\"valueRequired\":true,\"valueName\":\"search_term_string\"}}],\"inLanguage\":\"en-GB\"},{\"@type\":\"Organization\",\"@id\":\"https:\\\/\\\/smartlands-gis.com\\\/it_it\\\/#organization\",\"name\":\"SmartLands GIS Shop\",\"url\":\"https:\\\/\\\/smartlands-gis.com\\\/it_it\\\/\",\"logo\":{\"@type\":\"ImageObject\",\"inLanguage\":\"en-GB\",\"@id\":\"https:\\\/\\\/smartlands-gis.com\\\/it_it\\\/#\\\/schema\\\/logo\\\/image\\\/\",\"url\":\"https:\\\/\\\/smartlands-gis.com\\\/wp-content\\\/uploads\\\/2022\\\/04\\\/Smartlands-logo.png\",\"contentUrl\":\"https:\\\/\\\/smartlands-gis.com\\\/wp-content\\\/uploads\\\/2022\\\/04\\\/Smartlands-logo.png\",\"width\":1440,\"height\":630,\"caption\":\"SmartLands GIS Shop\"},\"image\":{\"@id\":\"https:\\\/\\\/smartlands-gis.com\\\/it_it\\\/#\\\/schema\\\/logo\\\/image\\\/\"},\"sameAs\":[\"https:\\\/\\\/www.facebook.com\\\/smartlandsSRL\"]}]}<\/script>\n<!-- \/ Yoast SEO plugin. -->","yoast_head_json":{"title":"SIG - Sistema Informativo Geografico - SmartLands GIS Shop","robots":{"index":"index","follow":"follow","max-snippet":"max-snippet:-1","max-image-preview":"max-image-preview:large","max-video-preview":"max-video-preview:-1"},"canonical":"https:\/\/smartlands-gis.com\/en\/sig-sistema-informativo-geografico\/","og_locale":"en_GB","og_type":"article","og_title":"SIG - Sistema Informativo Geografico - SmartLands GIS Shop","og_description":"Sistema Informativo Territoriale Il sistema informativo territoriale (S.I.T.) si occupa di organizzare aggiornare e diffondere l&#8217;informazione geografica. Il S.I.T.\u00a0 \u00e8 il riferimento per per tutte le informazioni e gli atti di pianificazione relativi alla gestione del territorio. Il webgis e le mappe web fanno parte del S.I.T. Per\u00f2 il S.I.T. \u00e8 molto di pi\u00f9 che [&hellip;]","og_url":"https:\/\/smartlands-gis.com\/en\/sig-sistema-informativo-geografico\/","og_site_name":"SmartLands GIS Shop","article_publisher":"https:\/\/www.facebook.com\/smartlandsSRL","article_modified_time":"2025-01-18T10:33:11+00:00","twitter_card":"summary_large_image","schema":{"@context":"https:\/\/schema.org","@graph":[{"@type":"WebPage","@id":"https:\/\/smartlands-gis.com\/sig-sistema-informativo-geografico\/","url":"https:\/\/smartlands-gis.com\/sig-sistema-informativo-geografico\/","name":"SIG - Sistema Informativo Geografico - SmartLands GIS Shop","isPartOf":{"@id":"https:\/\/smartlands-gis.com\/it_it\/#website"},"datePublished":"2022-07-22T14:23:46+00:00","dateModified":"2025-01-18T10:33:11+00:00","breadcrumb":{"@id":"https:\/\/smartlands-gis.com\/sig-sistema-informativo-geografico\/#breadcrumb"},"inLanguage":"en-GB","potentialAction":[{"@type":"ReadAction","target":["https:\/\/smartlands-gis.com\/sig-sistema-informativo-geografico\/"]}]},{"@type":"BreadcrumbList","@id":"https:\/\/smartlands-gis.com\/sig-sistema-informativo-geografico\/#breadcrumb","itemListElement":[{"@type":"ListItem","position":1,"name":"Home","item":"https:\/\/smartlands-gis.com\/it_it\/"},{"@type":"ListItem","position":2,"name":"SIG &#8211; Sistema Informativo Geografico"}]},{"@type":"WebSite","@id":"https:\/\/smartlands-gis.com\/it_it\/#website","url":"https:\/\/smartlands-gis.com\/it_it\/","name":"SmartLands GIS Shop","description":"Il territorio a portata di un click","publisher":{"@id":"https:\/\/smartlands-gis.com\/it_it\/#organization"},"potentialAction":[{"@type":"SearchAction","target":{"@type":"EntryPoint","urlTemplate":"https:\/\/smartlands-gis.com\/it_it\/?s={search_term_string}"},"query-input":{"@type":"PropertyValueSpecification","valueRequired":true,"valueName":"search_term_string"}}],"inLanguage":"en-GB"},{"@type":"Organization","@id":"https:\/\/smartlands-gis.com\/it_it\/#organization","name":"SmartLands GIS Shop","url":"https:\/\/smartlands-gis.com\/it_it\/","logo":{"@type":"ImageObject","inLanguage":"en-GB","@id":"https:\/\/smartlands-gis.com\/it_it\/#\/schema\/logo\/image\/","url":"https:\/\/smartlands-gis.com\/wp-content\/uploads\/2022\/04\/Smartlands-logo.png","contentUrl":"https:\/\/smartlands-gis.com\/wp-content\/uploads\/2022\/04\/Smartlands-logo.png","width":1440,"height":630,"caption":"SmartLands GIS Shop"},"image":{"@id":"https:\/\/smartlands-gis.com\/it_it\/#\/schema\/logo\/image\/"},"sameAs":["https:\/\/www.facebook.com\/smartlandsSRL"]}]}},"_links":{"self":[{"href":"https:\/\/smartlands-gis.com\/en\/wp-json\/wp\/v2\/pages\/349","targetHints":{"allow":["GET"]}}],"collection":[{"href":"https:\/\/smartlands-gis.com\/en\/wp-json\/wp\/v2\/pages"}],"about":[{"href":"https:\/\/smartlands-gis.com\/en\/wp-json\/wp\/v2\/types\/page"}],"author":[{"embeddable":true,"href":"https:\/\/smartlands-gis.com\/en\/wp-json\/wp\/v2\/users\/1"}],"replies":[{"embeddable":true,"href":"https:\/\/smartlands-gis.com\/en\/wp-json\/wp\/v2\/comments?post=349"}],"version-history":[{"count":145,"href":"https:\/\/smartlands-gis.com\/en\/wp-json\/wp\/v2\/pages\/349\/revisions"}],"predecessor-version":[{"id":3507,"href":"https:\/\/smartlands-gis.com\/en\/wp-json\/wp\/v2\/pages\/349\/revisions\/3507"}],"wp:attachment":[{"href":"https:\/\/smartlands-gis.com\/en\/wp-json\/wp\/v2\/media?parent=349"}],"curies":[{"name":"wp","href":"https:\/\/api.w.org\/{rel}","templated":true}]}}