{"id":3556,"date":"2025-03-11T18:34:42","date_gmt":"2025-03-11T17:34:42","guid":{"rendered":"https:\/\/smartlands-gis.com\/accessibility-statement\/"},"modified":"2025-11-22T20:50:34","modified_gmt":"2025-11-22T19:50:34","slug":"accessibility-statement","status":"publish","type":"page","link":"https:\/\/smartlands-gis.com\/en\/accessibility-statement\/","title":{"rendered":"Dichiarazione di Accessibilit\u00e0"},"content":{"rendered":"<div data-elementor-type=\"wp-page\" data-elementor-id=\"3556\" class=\"elementor elementor-3556\" data-elementor-post-type=\"page\">\n\t\t\t\t<div class=\"elementor-element elementor-element-2088839 e-flex e-con-boxed e-con e-parent\" data-id=\"2088839\" data-element_type=\"container\" data-e-type=\"container\" data-settings=\"{&quot;background_background&quot;:&quot;classic&quot;}\">\n\t\t\t\t\t<div class=\"e-con-inner\">\n\t\t\t\t<div class=\"elementor-element elementor-element-4c9e923b elementor-widget elementor-widget-spacer\" data-id=\"4c9e923b\" data-element_type=\"widget\" data-e-type=\"widget\" data-widget_type=\"spacer.default\">\n\t\t\t\t\t\t\t<div class=\"elementor-spacer\">\n\t\t\t<div class=\"elementor-spacer-inner\"><\/div>\n\t\t<\/div>\n\t\t\t\t\t\t<\/div>\n\t\t\t\t\t<\/div>\n\t\t\t\t<\/div>\n\t\t\t\t<section class=\"elementor-section elementor-top-section elementor-element elementor-element-22863f73 elementor-section-boxed elementor-section-height-default elementor-section-height-default\" data-id=\"22863f73\" data-element_type=\"section\" data-e-type=\"section\" data-settings=\"{&quot;background_background&quot;:&quot;classic&quot;}\">\n\t\t\t\t\t\t<div class=\"elementor-container elementor-column-gap-no\">\n\t\t\t\t\t<div class=\"elementor-column elementor-col-100 elementor-top-column elementor-element elementor-element-557ba2ac\" data-id=\"557ba2ac\" data-element_type=\"column\" data-e-type=\"column\" data-settings=\"{&quot;background_background&quot;:&quot;classic&quot;}\">\n\t\t\t<div class=\"elementor-widget-wrap elementor-element-populated\">\n\t\t\t\t\t\t<div class=\"elementor-element elementor-element-20826d70 elementor-widget__width-initial elementor-widget elementor-widget-heading\" data-id=\"20826d70\" data-element_type=\"widget\" data-e-type=\"widget\" data-widget_type=\"heading.default\">\n\t\t\t\t\t<h1 class=\"elementor-heading-title elementor-size-default\"><span style=\"color:#FFDE01\">Dichiarazione<\/span>  <br>Accessibilit\u00e0<\/h1>\t\t\t\t<\/div>\n\t\t\t\t<div class=\"elementor-element elementor-element-415e8036 elementor-widget elementor-widget-breadcrumbs\" data-id=\"415e8036\" data-element_type=\"widget\" data-e-type=\"widget\" data-widget_type=\"breadcrumbs.default\">\n\t\t\t\t\t<p id=\"breadcrumbs\"><span><span><a href=\"https:\/\/smartlands-gis.com\/en\/\">Home<\/a><\/span><\/span><\/p>\t\t\t\t<\/div>\n\t\t\t\t\t<\/div>\n\t\t<\/div>\n\t\t\t\t\t<\/div>\n\t\t<\/section>\n\t\t<div class=\"elementor-element elementor-element-8cbf841 e-flex e-con-boxed e-con e-parent\" data-id=\"8cbf841\" data-element_type=\"container\" data-e-type=\"container\" data-settings=\"{&quot;background_background&quot;:&quot;classic&quot;,&quot;shape_divider_bottom&quot;:&quot;tilt&quot;}\">\n\t\t\t\t\t<div class=\"e-con-inner\">\n\t\t\t\t<div class=\"elementor-shape elementor-shape-bottom\" aria-hidden=\"true\" data-negative=\"false\">\n\t\t\t<svg xmlns=\"http:\/\/www.w3.org\/2000\/svg\" viewbox=\"0 0 1000 100\" preserveaspectratio=\"none\">\n\t<path class=\"elementor-shape-fill\" d=\"M0,6V0h1000v100L0,6z\"\/>\n<\/svg>\t\t<\/div>\n\t\t<div class=\"elementor-element elementor-element-386626f8 e-flex e-con-boxed e-con e-child\" data-id=\"386626f8\" data-element_type=\"container\" data-e-type=\"container\" data-settings=\"{&quot;background_background&quot;:&quot;classic&quot;}\">\n\t\t\t\t\t<div class=\"e-con-inner\">\n\t\t\t\t<div class=\"elementor-element elementor-element-7fb0c94 elementor-widget elementor-widget-text-editor\" data-id=\"7fb0c94\" data-element_type=\"widget\" data-e-type=\"widget\" data-widget_type=\"text-editor.default\">\n\t\t\t\t\t\t\t\t\t<h3>Dichiarazione di Accessibilit\u00e0 per <a class=\"ng-star-inserted\" href=\"https:\/\/smartlands-gis.com\/en\/\" target=\"_blank\" rel=\"noopener\" data-hveid=\"0\" data-ved=\"0CAAQ_4QMahcKEwjk9NfKn4aRAxUAAAAAHQAAAAAQag\">https:\/\/smartlands-gis.com\/<\/a><\/h3>\n<p data-path-to-node=\"6\"><b>Smartlands SRL<\/b> si impegna a garantire l\u2019accessibilit\u00e0 digitale per le persone con disabilit\u00e0. Stiamo continuamente migliorando l\u2019esperienza utente per tutti e applicando gli standard di accessibilit\u00e0 pertinenti, nella convinzione che sia un dovere collettivo garantire un uso fluido e senza ostacoli dei nostri servizi.<\/p>\n<p data-path-to-node=\"7\"><b>Stato di conformit\u00e0<\/b> Questo sito web \u00e8 <b>parzialmente conforme<\/b> alle Linee guida per l\u2019accessibilit\u00e0 dei contenuti Web (WCAG) 2.1, livello AA.<\/p>\n<p data-path-to-node=\"8\">Il nostro obiettivo \u00e8 rendere accessibili tutte le pagine e i contenuti su <a class=\"ng-star-inserted\" href=\"https:\/\/smartlands-gis.com\/en\/\" target=\"_blank\" rel=\"noopener\" data-hveid=\"0\" data-ved=\"0CAAQ_4QMahcKEwjk9NfKn4aRAxUAAAAAHQAAAAAQaw\">https:\/\/smartlands-gis.com\/<\/a>. Tuttavia, siamo consapevoli che, data la natura tecnica di alcuni servizi (come le visualizzazioni GIS), alcuni contenuti potrebbero non soddisfare ancora pienamente i pi\u00f9 alti standard di accessibilit\u00e0. Lavoriamo costantemente per individuare le soluzioni tecnologiche pi\u00f9 adeguate per risolvere queste limitazioni e migliorare progressivamente il livello di conformit\u00e0.<\/p>\n<p data-path-to-node=\"9\"><b>Feedback e informazioni di contatto<\/b> Accogliamo con favore il tuo feedback sull\u2019accessibilit\u00e0 del sito web di Smartlands SRL.<\/p>\n<p data-path-to-node=\"16\"><b>Feedback e informazioni di contatto<\/b> Accogliamo con favore il tuo feedback sull\u2019accessibilit\u00e0 dei nostri siti web.<\/p>\n<p data-path-to-node=\"17\">Se riscontri barriere di accessibilit\u00e0, ti invitiamo a segnalarcelo utilizzando il canale dedicato. <b>Per aiutarci a risolvere il problema pi\u00f9 rapidamente, ti preghiamo di indicare nella segnalazione l&#8217;indirizzo web (URL) della pagina in cui hai riscontrato difficolt\u00e0.<\/b><\/p>\n<ul data-path-to-node=\"18\">\n<li>\n<p data-path-to-node=\"18,0,0\">E-mail: <b>accessibilita@smartlands-gis.com<\/b><\/p>\n<\/li>\n<\/ul>\n<p data-path-to-node=\"19\">Cerchiamo di rispondere ai feedback entro 3-5 giorni lavorativi.<\/p>\n<p data-path-to-node=\"13\"><b>Aggiornamento della dichiarazione<\/b> Questa dichiarazione \u00e8 stata redatta\/aggiornata il <b>24\/11\/2025<\/b>. Rivediamo periodicamente questo documento per riflettere i miglioramenti o le modifiche nelle nostre pratiche di accessibilit\u00e0.<\/p>\n<!-- \/wp:paragraph -->\t\t\t\t\t\t\t\t<\/div>\n\t\t\t\t\t<\/div>\n\t\t\t\t<\/div>\n\t\t\t\t\t<\/div>\n\t\t\t\t<\/div>\n\t\t\t\t<\/div>","protected":false},"excerpt":{"rendered":"<p>Dichiarazione Accessibilit\u00e0 Dichiarazione di Accessibilit\u00e0 per https:\/\/smartlands-gis.com\/ Smartlands SRL si impegna a garantire l\u2019accessibilit\u00e0 digitale per le persone con disabilit\u00e0. Stiamo continuamente migliorando l\u2019esperienza utente per tutti e applicando gli standard di accessibilit\u00e0 pertinenti, nella convinzione che sia un dovere collettivo garantire un uso fluido e senza ostacoli dei nostri servizi. Stato di conformit\u00e0 Questo [&hellip;]<\/p>\n","protected":false},"author":1,"featured_media":0,"parent":0,"menu_order":0,"comment_status":"closed","ping_status":"closed","template":"","meta":{"iawp_total_views":14,"footnotes":""},"class_list":["post-3556","page","type-page","status-publish","hentry"],"yoast_head":"<!-- This site is optimized with the Yoast SEO plugin v27.3 - https:\/\/yoast.com\/product\/yoast-seo-wordpress\/ -->\n<title>Dichiarazione di Accessibilit\u00e0 - SmartLands GIS Shop<\/title>\n<meta name=\"robots\" content=\"index, follow, max-snippet:-1, max-image-preview:large, max-video-preview:-1\" \/>\n<link rel=\"canonical\" href=\"https:\/\/smartlands-gis.com\/en\/accessibility-statement\/\" \/>\n<meta property=\"og:locale\" content=\"en_GB\" \/>\n<meta property=\"og:type\" content=\"article\" \/>\n<meta property=\"og:title\" content=\"Dichiarazione di Accessibilit\u00e0 - SmartLands GIS Shop\" \/>\n<meta property=\"og:description\" content=\"Dichiarazione Accessibilit\u00e0 Dichiarazione di Accessibilit\u00e0 per https:\/\/smartlands-gis.com\/ Smartlands SRL si impegna a garantire l\u2019accessibilit\u00e0 digitale per le persone con disabilit\u00e0. Stiamo continuamente migliorando l\u2019esperienza utente per tutti e applicando gli standard di accessibilit\u00e0 pertinenti, nella convinzione che sia un dovere collettivo garantire un uso fluido e senza ostacoli dei nostri servizi. Stato di conformit\u00e0 Questo [&hellip;]\" \/>\n<meta property=\"og:url\" content=\"https:\/\/smartlands-gis.com\/en\/accessibility-statement\/\" \/>\n<meta property=\"og:site_name\" content=\"SmartLands GIS Shop\" \/>\n<meta property=\"article:publisher\" content=\"https:\/\/www.facebook.com\/smartlandsSRL\" \/>\n<meta property=\"article:modified_time\" content=\"2025-11-22T19:50:34+00:00\" \/>\n<meta name=\"twitter:card\" content=\"summary_large_image\" \/>\n<script type=\"application\/ld+json\" class=\"yoast-schema-graph\">{\"@context\":\"https:\\\/\\\/schema.org\",\"@graph\":[{\"@type\":\"WebPage\",\"@id\":\"https:\\\/\\\/smartlands-gis.com\\\/accessibility-statement\\\/\",\"url\":\"https:\\\/\\\/smartlands-gis.com\\\/accessibility-statement\\\/\",\"name\":\"Dichiarazione di Accessibilit\u00e0 - SmartLands GIS Shop\",\"isPartOf\":{\"@id\":\"https:\\\/\\\/smartlands-gis.com\\\/it_it\\\/#website\"},\"datePublished\":\"2025-03-11T17:34:42+00:00\",\"dateModified\":\"2025-11-22T19:50:34+00:00\",\"breadcrumb\":{\"@id\":\"https:\\\/\\\/smartlands-gis.com\\\/accessibility-statement\\\/#breadcrumb\"},\"inLanguage\":\"en-GB\",\"potentialAction\":[{\"@type\":\"ReadAction\",\"target\":[\"https:\\\/\\\/smartlands-gis.com\\\/accessibility-statement\\\/\"]}]},{\"@type\":\"BreadcrumbList\",\"@id\":\"https:\\\/\\\/smartlands-gis.com\\\/accessibility-statement\\\/#breadcrumb\",\"itemListElement\":[{\"@type\":\"ListItem\",\"position\":1,\"name\":\"Home\",\"item\":\"https:\\\/\\\/smartlands-gis.com\\\/it_it\\\/\"},{\"@type\":\"ListItem\",\"position\":2,\"name\":\"Dichiarazione di Accessibilit\u00e0\"}]},{\"@type\":\"WebSite\",\"@id\":\"https:\\\/\\\/smartlands-gis.com\\\/it_it\\\/#website\",\"url\":\"https:\\\/\\\/smartlands-gis.com\\\/it_it\\\/\",\"name\":\"SmartLands GIS Shop\",\"description\":\"Il territorio a portata di un click\",\"publisher\":{\"@id\":\"https:\\\/\\\/smartlands-gis.com\\\/it_it\\\/#organization\"},\"potentialAction\":[{\"@type\":\"SearchAction\",\"target\":{\"@type\":\"EntryPoint\",\"urlTemplate\":\"https:\\\/\\\/smartlands-gis.com\\\/it_it\\\/?s={search_term_string}\"},\"query-input\":{\"@type\":\"PropertyValueSpecification\",\"valueRequired\":true,\"valueName\":\"search_term_string\"}}],\"inLanguage\":\"en-GB\"},{\"@type\":\"Organization\",\"@id\":\"https:\\\/\\\/smartlands-gis.com\\\/it_it\\\/#organization\",\"name\":\"SmartLands GIS Shop\",\"url\":\"https:\\\/\\\/smartlands-gis.com\\\/it_it\\\/\",\"logo\":{\"@type\":\"ImageObject\",\"inLanguage\":\"en-GB\",\"@id\":\"https:\\\/\\\/smartlands-gis.com\\\/it_it\\\/#\\\/schema\\\/logo\\\/image\\\/\",\"url\":\"https:\\\/\\\/smartlands-gis.com\\\/wp-content\\\/uploads\\\/2022\\\/04\\\/Smartlands-logo.png\",\"contentUrl\":\"https:\\\/\\\/smartlands-gis.com\\\/wp-content\\\/uploads\\\/2022\\\/04\\\/Smartlands-logo.png\",\"width\":1440,\"height\":630,\"caption\":\"SmartLands GIS Shop\"},\"image\":{\"@id\":\"https:\\\/\\\/smartlands-gis.com\\\/it_it\\\/#\\\/schema\\\/logo\\\/image\\\/\"},\"sameAs\":[\"https:\\\/\\\/www.facebook.com\\\/smartlandsSRL\"]}]}<\/script>\n<!-- \/ Yoast SEO plugin. -->","yoast_head_json":{"title":"Dichiarazione di Accessibilit\u00e0 - SmartLands GIS Shop","robots":{"index":"index","follow":"follow","max-snippet":"max-snippet:-1","max-image-preview":"max-image-preview:large","max-video-preview":"max-video-preview:-1"},"canonical":"https:\/\/smartlands-gis.com\/en\/accessibility-statement\/","og_locale":"en_GB","og_type":"article","og_title":"Dichiarazione di Accessibilit\u00e0 - SmartLands GIS Shop","og_description":"Dichiarazione Accessibilit\u00e0 Dichiarazione di Accessibilit\u00e0 per https:\/\/smartlands-gis.com\/ Smartlands SRL si impegna a garantire l\u2019accessibilit\u00e0 digitale per le persone con disabilit\u00e0. Stiamo continuamente migliorando l\u2019esperienza utente per tutti e applicando gli standard di accessibilit\u00e0 pertinenti, nella convinzione che sia un dovere collettivo garantire un uso fluido e senza ostacoli dei nostri servizi. Stato di conformit\u00e0 Questo [&hellip;]","og_url":"https:\/\/smartlands-gis.com\/en\/accessibility-statement\/","og_site_name":"SmartLands GIS Shop","article_publisher":"https:\/\/www.facebook.com\/smartlandsSRL","article_modified_time":"2025-11-22T19:50:34+00:00","twitter_card":"summary_large_image","schema":{"@context":"https:\/\/schema.org","@graph":[{"@type":"WebPage","@id":"https:\/\/smartlands-gis.com\/accessibility-statement\/","url":"https:\/\/smartlands-gis.com\/accessibility-statement\/","name":"Dichiarazione di Accessibilit\u00e0 - SmartLands GIS Shop","isPartOf":{"@id":"https:\/\/smartlands-gis.com\/it_it\/#website"},"datePublished":"2025-03-11T17:34:42+00:00","dateModified":"2025-11-22T19:50:34+00:00","breadcrumb":{"@id":"https:\/\/smartlands-gis.com\/accessibility-statement\/#breadcrumb"},"inLanguage":"en-GB","potentialAction":[{"@type":"ReadAction","target":["https:\/\/smartlands-gis.com\/accessibility-statement\/"]}]},{"@type":"BreadcrumbList","@id":"https:\/\/smartlands-gis.com\/accessibility-statement\/#breadcrumb","itemListElement":[{"@type":"ListItem","position":1,"name":"Home","item":"https:\/\/smartlands-gis.com\/it_it\/"},{"@type":"ListItem","position":2,"name":"Dichiarazione di Accessibilit\u00e0"}]},{"@type":"WebSite","@id":"https:\/\/smartlands-gis.com\/it_it\/#website","url":"https:\/\/smartlands-gis.com\/it_it\/","name":"SmartLands GIS Shop","description":"Il territorio a portata di un click","publisher":{"@id":"https:\/\/smartlands-gis.com\/it_it\/#organization"},"potentialAction":[{"@type":"SearchAction","target":{"@type":"EntryPoint","urlTemplate":"https:\/\/smartlands-gis.com\/it_it\/?s={search_term_string}"},"query-input":{"@type":"PropertyValueSpecification","valueRequired":true,"valueName":"search_term_string"}}],"inLanguage":"en-GB"},{"@type":"Organization","@id":"https:\/\/smartlands-gis.com\/it_it\/#organization","name":"SmartLands GIS Shop","url":"https:\/\/smartlands-gis.com\/it_it\/","logo":{"@type":"ImageObject","inLanguage":"en-GB","@id":"https:\/\/smartlands-gis.com\/it_it\/#\/schema\/logo\/image\/","url":"https:\/\/smartlands-gis.com\/wp-content\/uploads\/2022\/04\/Smartlands-logo.png","contentUrl":"https:\/\/smartlands-gis.com\/wp-content\/uploads\/2022\/04\/Smartlands-logo.png","width":1440,"height":630,"caption":"SmartLands GIS Shop"},"image":{"@id":"https:\/\/smartlands-gis.com\/it_it\/#\/schema\/logo\/image\/"},"sameAs":["https:\/\/www.facebook.com\/smartlandsSRL"]}]}},"_links":{"self":[{"href":"https:\/\/smartlands-gis.com\/en\/wp-json\/wp\/v2\/pages\/3556","targetHints":{"allow":["GET"]}}],"collection":[{"href":"https:\/\/smartlands-gis.com\/en\/wp-json\/wp\/v2\/pages"}],"about":[{"href":"https:\/\/smartlands-gis.com\/en\/wp-json\/wp\/v2\/types\/page"}],"author":[{"embeddable":true,"href":"https:\/\/smartlands-gis.com\/en\/wp-json\/wp\/v2\/users\/1"}],"replies":[{"embeddable":true,"href":"https:\/\/smartlands-gis.com\/en\/wp-json\/wp\/v2\/comments?post=3556"}],"version-history":[{"count":14,"href":"https:\/\/smartlands-gis.com\/en\/wp-json\/wp\/v2\/pages\/3556\/revisions"}],"predecessor-version":[{"id":3817,"href":"https:\/\/smartlands-gis.com\/en\/wp-json\/wp\/v2\/pages\/3556\/revisions\/3817"}],"wp:attachment":[{"href":"https:\/\/smartlands-gis.com\/en\/wp-json\/wp\/v2\/media?parent=3556"}],"curies":[{"name":"wp","href":"https:\/\/api.w.org\/{rel}","templated":true}]}}