{"id":633,"date":"2022-09-24T12:55:10","date_gmt":"2022-09-24T10:55:10","guid":{"rendered":"https:\/\/smartlands-gis.com\/?page_id=633"},"modified":"2023-01-13T13:52:03","modified_gmt":"2023-01-13T12:52:03","slug":"censimento-aree-verdi","status":"publish","type":"page","link":"https:\/\/smartlands-gis.com\/en\/servizi\/censimento-aree-verdi\/","title":{"rendered":"Census of green areas"},"content":{"rendered":"<div data-elementor-type=\"wp-page\" data-elementor-id=\"633\" class=\"elementor elementor-633\" data-elementor-post-type=\"page\">\n\t\t\t\t<div class=\"elementor-element elementor-element-3fc7defd e-flex e-con-boxed e-con e-parent\" data-id=\"3fc7defd\" data-element_type=\"container\" data-e-type=\"container\" data-settings=\"{&quot;background_background&quot;:&quot;classic&quot;}\">\n\t\t\t\t\t<div class=\"e-con-inner\">\n\t\t\t\t<div class=\"elementor-element elementor-element-7d70f72 elementor-widget elementor-widget-spacer\" data-id=\"7d70f72\" data-element_type=\"widget\" data-e-type=\"widget\" data-widget_type=\"spacer.default\">\n\t\t\t\t\t\t\t<div class=\"elementor-spacer\">\n\t\t\t<div class=\"elementor-spacer-inner\"><\/div>\n\t\t<\/div>\n\t\t\t\t\t\t<\/div>\n\t\t\t\t\t<\/div>\n\t\t\t\t<\/div>\n\t\t\t\t<section class=\"elementor-section elementor-top-section elementor-element elementor-element-41783299 elementor-section-boxed elementor-section-height-default elementor-section-height-default\" data-id=\"41783299\" data-element_type=\"section\" data-e-type=\"section\" data-settings=\"{&quot;shape_divider_bottom&quot;:&quot;tilt&quot;,&quot;background_background&quot;:&quot;classic&quot;}\">\n\t\t\t\t\t<div class=\"elementor-shape elementor-shape-bottom\" aria-hidden=\"true\" data-negative=\"false\">\n\t\t\t<svg xmlns=\"http:\/\/www.w3.org\/2000\/svg\" viewbox=\"0 0 1000 100\" preserveaspectratio=\"none\">\n\t<path class=\"elementor-shape-fill\" d=\"M0,6V0h1000v100L0,6z\"\/>\n<\/svg>\t\t<\/div>\n\t\t\t\t\t<div class=\"elementor-container elementor-column-gap-no\">\n\t\t\t\t\t<div class=\"elementor-column elementor-col-100 elementor-top-column elementor-element elementor-element-37fab2be\" data-id=\"37fab2be\" data-element_type=\"column\" data-e-type=\"column\" data-settings=\"{&quot;background_background&quot;:&quot;classic&quot;}\">\n\t\t\t<div class=\"elementor-widget-wrap elementor-element-populated\">\n\t\t\t\t\t\t<div class=\"elementor-element elementor-element-8f6ff5d elementor-widget__width-initial elementor-widget elementor-widget-heading\" data-id=\"8f6ff5d\" data-element_type=\"widget\" data-e-type=\"widget\" data-widget_type=\"heading.default\">\n\t\t\t\t\t<h1 class=\"elementor-heading-title elementor-size-default\">Census of green areas  <br>   smart green<\/h1>\t\t\t\t<\/div>\n\t\t\t\t<div class=\"elementor-element elementor-element-75b75fbc elementor-align-right elementor-widget__width-auto elementor-mobile-align-center elementor-widget elementor-widget-lottie\" data-id=\"75b75fbc\" data-element_type=\"widget\" data-e-type=\"widget\" data-settings=\"{&quot;source&quot;:&quot;external_url&quot;,&quot;source_external_url&quot;:{&quot;url&quot;:&quot;https:\\\/\\\/assets5.lottiefiles.com\\\/packages\\\/lf20_cmaqoazd.json&quot;,&quot;is_external&quot;:&quot;&quot;,&quot;nofollow&quot;:&quot;&quot;,&quot;custom_attributes&quot;:&quot;&quot;},&quot;link_to&quot;:&quot;none&quot;,&quot;trigger&quot;:&quot;arriving_to_viewport&quot;,&quot;viewport&quot;:{&quot;unit&quot;:&quot;%&quot;,&quot;size&quot;:&quot;&quot;,&quot;sizes&quot;:{&quot;start&quot;:0,&quot;end&quot;:100}},&quot;play_speed&quot;:{&quot;unit&quot;:&quot;px&quot;,&quot;size&quot;:1,&quot;sizes&quot;:[]},&quot;start_point&quot;:{&quot;unit&quot;:&quot;%&quot;,&quot;size&quot;:0,&quot;sizes&quot;:[]},&quot;end_point&quot;:{&quot;unit&quot;:&quot;%&quot;,&quot;size&quot;:100,&quot;sizes&quot;:[]},&quot;renderer&quot;:&quot;svg&quot;}\" data-widget_type=\"lottie.default\">\n\t\t\t\t\t<div class=\"e-lottie__container\"><div class=\"e-lottie__animation\"><\/div><\/div>\t\t\t\t<\/div>\n\t\t\t\t<div class=\"elementor-element elementor-element-5ec457be elementor-widget elementor-widget-breadcrumbs\" data-id=\"5ec457be\" data-element_type=\"widget\" data-e-type=\"widget\" data-widget_type=\"breadcrumbs.default\">\n\t\t\t\t\t<p id=\"breadcrumbs\"><span><span><a href=\"https:\/\/smartlands-gis.com\/en\/\">Home<\/a><\/span><\/span><\/p>\t\t\t\t<\/div>\n\t\t\t\t<div class=\"elementor-element elementor-element-37b0a8ad elementor-widget elementor-widget-text-editor\" data-id=\"37b0a8ad\" data-element_type=\"widget\" data-e-type=\"widget\" data-widget_type=\"text-editor.default\">\n\t\t\t\t\t\t\t\t\t<p align=\"justify\">Managing the municipal green is very important.<\/p><p align=\"justify\">Good management of urban arboriculture is important to aid in city green planning. Having the exact geolocation of plants and greenery is essential in order to be able to plan and have all the relevant data and information on municipal green systems and infrastructures just a click away.<\/p><p align=\"justify\">We will also include good practices for good green management through information and descriptive images to obtain greenery that is always in excellent condition.<\/p>\t\t\t\t\t\t\t\t<\/div>\n\t\t\t\t<div class=\"elementor-element elementor-element-63bc61f elementor-widget elementor-widget-image\" data-id=\"63bc61f\" data-element_type=\"widget\" data-e-type=\"widget\" data-widget_type=\"image.default\">\n\t\t\t\t\t\t\t\t\t\t\t\t\t\t\t<img fetchpriority=\"high\" decoding=\"async\" width=\"650\" height=\"410\" src=\"https:\/\/smartlands-gis.com\/wp-content\/uploads\/2022\/09\/smart-green.jpg\" class=\"attachment-large size-large wp-image-636\" alt=\"\" srcset=\"https:\/\/smartlands-gis.com\/wp-content\/uploads\/2022\/09\/smart-green.jpg 650w, https:\/\/smartlands-gis.com\/wp-content\/uploads\/2022\/09\/smart-green-600x378.jpg 600w, https:\/\/smartlands-gis.com\/wp-content\/uploads\/2022\/09\/smart-green-300x189.jpg 300w, https:\/\/smartlands-gis.com\/wp-content\/uploads\/2022\/09\/smart-green-18x12.jpg 18w\" sizes=\"(max-width: 650px) 100vw, 650px\" \/>\t\t\t\t\t\t\t\t\t\t\t\t\t\t\t<\/div>\n\t\t\t\t\t<\/div>\n\t\t<\/div>\n\t\t\t\t\t<\/div>\n\t\t<\/section>\n\t\t\t\t<\/div>","protected":false},"excerpt":{"rendered":"<p>Censimento aree verdi smart-green Gestire il verde comunale \u00e8 molto importante. Una buona gestione dell\u2019arboricoltura urbana \u00e8 importante per aiutare la pianificazione del verde della citt\u00e0. Avere la geolocalizzazione esatta delle piante e del verde \u00e8 fondamentale per poter pianificare ed avere a portata di click tutti i relativi tutti i dati e informazioni degli [&hellip;]<\/p>\n","protected":false},"author":1,"featured_media":0,"parent":347,"menu_order":0,"comment_status":"closed","ping_status":"closed","template":"","meta":{"iawp_total_views":39,"footnotes":""},"class_list":["post-633","page","type-page","status-publish","hentry"],"yoast_head":"<!-- This site is optimized with the Yoast SEO plugin v27.3 - https:\/\/yoast.com\/product\/yoast-seo-wordpress\/ -->\n<title>Censimento aree verdi - SmartLands GIS Shop<\/title>\n<meta name=\"robots\" content=\"index, follow, max-snippet:-1, max-image-preview:large, max-video-preview:-1\" \/>\n<link rel=\"canonical\" href=\"https:\/\/smartlands-gis.com\/en\/servizi\/censimento-aree-verdi\/\" \/>\n<meta property=\"og:locale\" content=\"en_GB\" \/>\n<meta property=\"og:type\" content=\"article\" \/>\n<meta property=\"og:title\" content=\"Censimento aree verdi - SmartLands GIS Shop\" \/>\n<meta property=\"og:description\" content=\"Censimento aree verdi smart-green Gestire il verde comunale \u00e8 molto importante. Una buona gestione dell\u2019arboricoltura urbana \u00e8 importante per aiutare la pianificazione del verde della citt\u00e0. Avere la geolocalizzazione esatta delle piante e del verde \u00e8 fondamentale per poter pianificare ed avere a portata di click tutti i relativi tutti i dati e informazioni degli [&hellip;]\" \/>\n<meta property=\"og:url\" content=\"https:\/\/smartlands-gis.com\/en\/servizi\/censimento-aree-verdi\/\" \/>\n<meta property=\"og:site_name\" content=\"SmartLands GIS Shop\" \/>\n<meta property=\"article:publisher\" content=\"https:\/\/www.facebook.com\/smartlandsSRL\" \/>\n<meta property=\"article:modified_time\" content=\"2023-01-13T12:52:03+00:00\" \/>\n<meta property=\"og:image\" content=\"https:\/\/smartlands-gis.com\/wp-content\/uploads\/2022\/09\/smart-green.jpg\" \/>\n<meta name=\"twitter:card\" content=\"summary_large_image\" \/>\n<meta name=\"twitter:label1\" content=\"Estimated reading time\" \/>\n\t<meta name=\"twitter:data1\" content=\"1 minute\" \/>\n<script type=\"application\/ld+json\" class=\"yoast-schema-graph\">{\"@context\":\"https:\\\/\\\/schema.org\",\"@graph\":[{\"@type\":\"WebPage\",\"@id\":\"https:\\\/\\\/smartlands-gis.com\\\/servizi\\\/censimento-aree-verdi\\\/\",\"url\":\"https:\\\/\\\/smartlands-gis.com\\\/servizi\\\/censimento-aree-verdi\\\/\",\"name\":\"Censimento aree verdi - SmartLands GIS Shop\",\"isPartOf\":{\"@id\":\"https:\\\/\\\/smartlands-gis.com\\\/it_it\\\/#website\"},\"primaryImageOfPage\":{\"@id\":\"https:\\\/\\\/smartlands-gis.com\\\/servizi\\\/censimento-aree-verdi\\\/#primaryimage\"},\"image\":{\"@id\":\"https:\\\/\\\/smartlands-gis.com\\\/servizi\\\/censimento-aree-verdi\\\/#primaryimage\"},\"thumbnailUrl\":\"https:\\\/\\\/smartlands-gis.com\\\/wp-content\\\/uploads\\\/2022\\\/09\\\/smart-green.jpg\",\"datePublished\":\"2022-09-24T10:55:10+00:00\",\"dateModified\":\"2023-01-13T12:52:03+00:00\",\"breadcrumb\":{\"@id\":\"https:\\\/\\\/smartlands-gis.com\\\/servizi\\\/censimento-aree-verdi\\\/#breadcrumb\"},\"inLanguage\":\"en-GB\",\"potentialAction\":[{\"@type\":\"ReadAction\",\"target\":[\"https:\\\/\\\/smartlands-gis.com\\\/servizi\\\/censimento-aree-verdi\\\/\"]}]},{\"@type\":\"ImageObject\",\"inLanguage\":\"en-GB\",\"@id\":\"https:\\\/\\\/smartlands-gis.com\\\/servizi\\\/censimento-aree-verdi\\\/#primaryimage\",\"url\":\"https:\\\/\\\/smartlands-gis.com\\\/wp-content\\\/uploads\\\/2022\\\/09\\\/smart-green.jpg\",\"contentUrl\":\"https:\\\/\\\/smartlands-gis.com\\\/wp-content\\\/uploads\\\/2022\\\/09\\\/smart-green.jpg\"},{\"@type\":\"BreadcrumbList\",\"@id\":\"https:\\\/\\\/smartlands-gis.com\\\/servizi\\\/censimento-aree-verdi\\\/#breadcrumb\",\"itemListElement\":[{\"@type\":\"ListItem\",\"position\":1,\"name\":\"Home\",\"item\":\"https:\\\/\\\/smartlands-gis.com\\\/it_it\\\/\"},{\"@type\":\"ListItem\",\"position\":2,\"name\":\"Servizi\",\"item\":\"https:\\\/\\\/smartlands-gis.com\\\/servizi\\\/\"},{\"@type\":\"ListItem\",\"position\":3,\"name\":\"Censimento aree verdi\"}]},{\"@type\":\"WebSite\",\"@id\":\"https:\\\/\\\/smartlands-gis.com\\\/it_it\\\/#website\",\"url\":\"https:\\\/\\\/smartlands-gis.com\\\/it_it\\\/\",\"name\":\"SmartLands GIS Shop\",\"description\":\"Il territorio a portata di un click\",\"publisher\":{\"@id\":\"https:\\\/\\\/smartlands-gis.com\\\/it_it\\\/#organization\"},\"potentialAction\":[{\"@type\":\"SearchAction\",\"target\":{\"@type\":\"EntryPoint\",\"urlTemplate\":\"https:\\\/\\\/smartlands-gis.com\\\/it_it\\\/?s={search_term_string}\"},\"query-input\":{\"@type\":\"PropertyValueSpecification\",\"valueRequired\":true,\"valueName\":\"search_term_string\"}}],\"inLanguage\":\"en-GB\"},{\"@type\":\"Organization\",\"@id\":\"https:\\\/\\\/smartlands-gis.com\\\/it_it\\\/#organization\",\"name\":\"SmartLands GIS Shop\",\"url\":\"https:\\\/\\\/smartlands-gis.com\\\/it_it\\\/\",\"logo\":{\"@type\":\"ImageObject\",\"inLanguage\":\"en-GB\",\"@id\":\"https:\\\/\\\/smartlands-gis.com\\\/it_it\\\/#\\\/schema\\\/logo\\\/image\\\/\",\"url\":\"https:\\\/\\\/smartlands-gis.com\\\/wp-content\\\/uploads\\\/2022\\\/04\\\/Smartlands-logo.png\",\"contentUrl\":\"https:\\\/\\\/smartlands-gis.com\\\/wp-content\\\/uploads\\\/2022\\\/04\\\/Smartlands-logo.png\",\"width\":1440,\"height\":630,\"caption\":\"SmartLands GIS Shop\"},\"image\":{\"@id\":\"https:\\\/\\\/smartlands-gis.com\\\/it_it\\\/#\\\/schema\\\/logo\\\/image\\\/\"},\"sameAs\":[\"https:\\\/\\\/www.facebook.com\\\/smartlandsSRL\"]}]}<\/script>\n<!-- \/ Yoast SEO plugin. -->","yoast_head_json":{"title":"Censimento aree verdi - SmartLands GIS Shop","robots":{"index":"index","follow":"follow","max-snippet":"max-snippet:-1","max-image-preview":"max-image-preview:large","max-video-preview":"max-video-preview:-1"},"canonical":"https:\/\/smartlands-gis.com\/en\/servizi\/censimento-aree-verdi\/","og_locale":"en_GB","og_type":"article","og_title":"Censimento aree verdi - SmartLands GIS Shop","og_description":"Censimento aree verdi smart-green Gestire il verde comunale \u00e8 molto importante. Una buona gestione dell\u2019arboricoltura urbana \u00e8 importante per aiutare la pianificazione del verde della citt\u00e0. Avere la geolocalizzazione esatta delle piante e del verde \u00e8 fondamentale per poter pianificare ed avere a portata di click tutti i relativi tutti i dati e informazioni degli [&hellip;]","og_url":"https:\/\/smartlands-gis.com\/en\/servizi\/censimento-aree-verdi\/","og_site_name":"SmartLands GIS Shop","article_publisher":"https:\/\/www.facebook.com\/smartlandsSRL","article_modified_time":"2023-01-13T12:52:03+00:00","og_image":[{"url":"https:\/\/smartlands-gis.com\/wp-content\/uploads\/2022\/09\/smart-green.jpg","type":"","width":"","height":""}],"twitter_card":"summary_large_image","twitter_misc":{"Estimated reading time":"1 minute"},"schema":{"@context":"https:\/\/schema.org","@graph":[{"@type":"WebPage","@id":"https:\/\/smartlands-gis.com\/servizi\/censimento-aree-verdi\/","url":"https:\/\/smartlands-gis.com\/servizi\/censimento-aree-verdi\/","name":"Censimento aree verdi - SmartLands GIS Shop","isPartOf":{"@id":"https:\/\/smartlands-gis.com\/it_it\/#website"},"primaryImageOfPage":{"@id":"https:\/\/smartlands-gis.com\/servizi\/censimento-aree-verdi\/#primaryimage"},"image":{"@id":"https:\/\/smartlands-gis.com\/servizi\/censimento-aree-verdi\/#primaryimage"},"thumbnailUrl":"https:\/\/smartlands-gis.com\/wp-content\/uploads\/2022\/09\/smart-green.jpg","datePublished":"2022-09-24T10:55:10+00:00","dateModified":"2023-01-13T12:52:03+00:00","breadcrumb":{"@id":"https:\/\/smartlands-gis.com\/servizi\/censimento-aree-verdi\/#breadcrumb"},"inLanguage":"en-GB","potentialAction":[{"@type":"ReadAction","target":["https:\/\/smartlands-gis.com\/servizi\/censimento-aree-verdi\/"]}]},{"@type":"ImageObject","inLanguage":"en-GB","@id":"https:\/\/smartlands-gis.com\/servizi\/censimento-aree-verdi\/#primaryimage","url":"https:\/\/smartlands-gis.com\/wp-content\/uploads\/2022\/09\/smart-green.jpg","contentUrl":"https:\/\/smartlands-gis.com\/wp-content\/uploads\/2022\/09\/smart-green.jpg"},{"@type":"BreadcrumbList","@id":"https:\/\/smartlands-gis.com\/servizi\/censimento-aree-verdi\/#breadcrumb","itemListElement":[{"@type":"ListItem","position":1,"name":"Home","item":"https:\/\/smartlands-gis.com\/it_it\/"},{"@type":"ListItem","position":2,"name":"Servizi","item":"https:\/\/smartlands-gis.com\/servizi\/"},{"@type":"ListItem","position":3,"name":"Censimento aree verdi"}]},{"@type":"WebSite","@id":"https:\/\/smartlands-gis.com\/it_it\/#website","url":"https:\/\/smartlands-gis.com\/it_it\/","name":"SmartLands GIS Shop","description":"Il territorio a portata di un click","publisher":{"@id":"https:\/\/smartlands-gis.com\/it_it\/#organization"},"potentialAction":[{"@type":"SearchAction","target":{"@type":"EntryPoint","urlTemplate":"https:\/\/smartlands-gis.com\/it_it\/?s={search_term_string}"},"query-input":{"@type":"PropertyValueSpecification","valueRequired":true,"valueName":"search_term_string"}}],"inLanguage":"en-GB"},{"@type":"Organization","@id":"https:\/\/smartlands-gis.com\/it_it\/#organization","name":"SmartLands GIS Shop","url":"https:\/\/smartlands-gis.com\/it_it\/","logo":{"@type":"ImageObject","inLanguage":"en-GB","@id":"https:\/\/smartlands-gis.com\/it_it\/#\/schema\/logo\/image\/","url":"https:\/\/smartlands-gis.com\/wp-content\/uploads\/2022\/04\/Smartlands-logo.png","contentUrl":"https:\/\/smartlands-gis.com\/wp-content\/uploads\/2022\/04\/Smartlands-logo.png","width":1440,"height":630,"caption":"SmartLands GIS Shop"},"image":{"@id":"https:\/\/smartlands-gis.com\/it_it\/#\/schema\/logo\/image\/"},"sameAs":["https:\/\/www.facebook.com\/smartlandsSRL"]}]}},"_links":{"self":[{"href":"https:\/\/smartlands-gis.com\/en\/wp-json\/wp\/v2\/pages\/633","targetHints":{"allow":["GET"]}}],"collection":[{"href":"https:\/\/smartlands-gis.com\/en\/wp-json\/wp\/v2\/pages"}],"about":[{"href":"https:\/\/smartlands-gis.com\/en\/wp-json\/wp\/v2\/types\/page"}],"author":[{"embeddable":true,"href":"https:\/\/smartlands-gis.com\/en\/wp-json\/wp\/v2\/users\/1"}],"replies":[{"embeddable":true,"href":"https:\/\/smartlands-gis.com\/en\/wp-json\/wp\/v2\/comments?post=633"}],"version-history":[{"count":36,"href":"https:\/\/smartlands-gis.com\/en\/wp-json\/wp\/v2\/pages\/633\/revisions"}],"predecessor-version":[{"id":2047,"href":"https:\/\/smartlands-gis.com\/en\/wp-json\/wp\/v2\/pages\/633\/revisions\/2047"}],"up":[{"embeddable":true,"href":"https:\/\/smartlands-gis.com\/en\/wp-json\/wp\/v2\/pages\/347"}],"wp:attachment":[{"href":"https:\/\/smartlands-gis.com\/en\/wp-json\/wp\/v2\/media?parent=633"}],"curies":[{"name":"wp","href":"https:\/\/api.w.org\/{rel}","templated":true}]}}