{"id":1421,"date":"2023-01-04T23:05:49","date_gmt":"2023-01-04T22:05:49","guid":{"rendered":"https:\/\/smartlands-gis.com\/?page_id=1421"},"modified":"2023-01-04T23:11:09","modified_gmt":"2023-01-04T22:11:09","slug":"site-map","status":"publish","type":"page","link":"https:\/\/smartlands-gis.com\/it_it\/servizi\/site-map\/","title":{"rendered":"Site Map"},"content":{"rendered":"\t\t<div data-elementor-type=\"wp-page\" data-elementor-id=\"1421\" class=\"elementor elementor-1421\" data-elementor-post-type=\"page\">\n\t\t\t\t<div class=\"elementor-element elementor-element-ff925b7 e-flex e-con-boxed e-con e-parent\" data-id=\"ff925b7\" data-element_type=\"container\" data-e-type=\"container\" data-settings=\"{&quot;background_background&quot;:&quot;classic&quot;}\">\n\t\t\t\t\t<div class=\"e-con-inner\">\n\t\t<div class=\"elementor-element elementor-element-dbc9c9c e-con-full e-flex e-con e-parent\" data-id=\"dbc9c9c\" data-element_type=\"container\" data-e-type=\"container\">\n\t\t\t\t<div class=\"elementor-element elementor-element-3fb0dd7 elementor-widget elementor-widget-spacer\" data-id=\"3fb0dd7\" data-element_type=\"widget\" data-e-type=\"widget\" data-widget_type=\"spacer.default\">\n\t\t\t\t\t\t\t<div class=\"elementor-spacer\">\n\t\t\t<div class=\"elementor-spacer-inner\"><\/div>\n\t\t<\/div>\n\t\t\t\t\t\t<\/div>\n\t\t\t\t<\/div>\n\t\t\t\t\t<\/div>\n\t\t\t\t<\/div>\n\t\t<div class=\"elementor-element elementor-element-bae2447 e-flex e-con-boxed e-con e-parent\" data-id=\"bae2447\" data-element_type=\"container\" data-e-type=\"container\" data-settings=\"{&quot;background_background&quot;:&quot;classic&quot;,&quot;shape_divider_bottom&quot;:&quot;tilt&quot;}\">\n\t\t\t\t\t<div class=\"e-con-inner\">\n\t\t\t\t<div class=\"elementor-shape elementor-shape-bottom\" aria-hidden=\"true\" data-negative=\"false\">\n\t\t\t<svg xmlns=\"http:\/\/www.w3.org\/2000\/svg\" viewBox=\"0 0 1000 100\" preserveAspectRatio=\"none\">\n\t<path class=\"elementor-shape-fill\" d=\"M0,6V0h1000v100L0,6z\"\/>\n<\/svg>\t\t<\/div>\n\t\t<div class=\"elementor-element elementor-element-2344909 e-con-full e-flex e-con e-parent\" data-id=\"2344909\" data-element_type=\"container\" data-e-type=\"container\" data-settings=\"{&quot;background_background&quot;:&quot;classic&quot;}\">\n\t\t\t\t<div class=\"elementor-element elementor-element-d922ba9 elementor-widget elementor-widget-heading\" data-id=\"d922ba9\" data-element_type=\"widget\" data-e-type=\"widget\" data-widget_type=\"heading.default\">\n\t\t\t\t\t<h1 class=\"elementor-heading-title elementor-size-default\">SITe  <br>  MAP<\/h1>\t\t\t\t<\/div>\n\t\t\t\t<div class=\"elementor-element elementor-element-017e00b elementor-widget elementor-widget-breadcrumbs\" data-id=\"017e00b\" data-element_type=\"widget\" data-e-type=\"widget\" data-widget_type=\"breadcrumbs.default\">\n\t\t\t\t\t<p id=\"breadcrumbs\"><span><span><a href=\"https:\/\/smartlands-gis.com\/it_it\/\">Home<\/a><\/span><\/span><\/p>\t\t\t\t<\/div>\n\t\t\t\t<div class=\"elementor-element elementor-element-97356e7 elementor-widget elementor-widget-text-editor\" data-id=\"97356e7\" data-element_type=\"widget\" data-e-type=\"widget\" data-widget_type=\"text-editor.default\">\n\t\t\t\t\t\t\t\t\t<p>La sitemap \u00e8 un file che contiene un elenco di tutte le pagine di un sito web, inclusi gli articoli, le categorie e gli archivi. Ogni elemento della sitemap include informazioni sulla frequenza di aggiornamento della pagina, il suo grado di importanza all&#8217;interno del sito e il modo in cui \u00e8 correlata ad altre pagine. La sitemap \u00e8 utilizzata principalmente dai motori di ricerca per scoprire e indicizzare le pagine del sito in modo pi\u00f9 efficiente.<\/p><p>\u00a0Inoltre, la sitemap \u00e8 anche uno strumento utile per gli utenti, poich\u00e9 fornisce una panoramica delle pagine disponibili sul sito e della loro struttura, facilitando la navigazione. La sitemap \u00e8 spesso presente nella sezione &#8220;Informazioni&#8221; o &#8220;Aiuto&#8221; del sito e pu\u00f2 essere facilmente accessibile dalla barra di navigazione principale.<\/p>\t\t\t\t\t\t\t\t<\/div>\n\t\t\t\t<div class=\"elementor-element elementor-element-3a25bcb elementor-widget elementor-widget-sitemap\" data-id=\"3a25bcb\" data-element_type=\"widget\" data-e-type=\"widget\" data-widget_type=\"sitemap.default\">\n\t\t\t\t\t<div class=\"elementor-sitemap-wrap\"><div class=\"elementor-sitemap-section\"><h2 class=\"elementor-sitemap-title elementor-sitemap-page-title\">Elenco completo collegamenti disponibili<\/h2><ul class=\"elementor-sitemap-list elementor-sitemap-page-list\"><li class=\"elementor-sitemap-item elementor-sitemap-item-page page_item page-item-3828\"><a href=\"https:\/\/smartlands-gis.com\/it_it\/demo-smartlands-webgis\/\">Demo Smartlands Webgis<\/a><\/li><li class=\"elementor-sitemap-item elementor-sitemap-item-page page_item page-item-3733\"><a href=\"https:\/\/smartlands-gis.com\/it_it\/aggiornamento-stradari-e-reti-viarie-dati-geografici-precisi-e-affidabili\/\">Aggiornamento Stradari e Reti Viarie: Dati Geografici Precisi e Affidabili<\/a><\/li><li class=\"elementor-sitemap-item elementor-sitemap-item-page page_item page-item-3632\"><a href=\"https:\/\/smartlands-gis.com\/it_it\/pcto-esperienza-ingegneria\/\">PCTO \u2013 Esperienza ingegneria<\/a><\/li><li class=\"elementor-sitemap-item elementor-sitemap-item-page page_item page-item-3556\"><a href=\"https:\/\/smartlands-gis.com\/it_it\/accessibility-statement\/\">Dichiarazione di Accessibilit\u00e0<\/a><\/li><li class=\"elementor-sitemap-item elementor-sitemap-item-page page_item page-item-3524\"><a href=\"https:\/\/smartlands-gis.com\/it_it\/arete\/\">Arete<\/a><\/li><li class=\"elementor-sitemap-item elementor-sitemap-item-page page_item page-item-3451\"><a href=\"https:\/\/smartlands-gis.com\/it_it\/partnership-aziendale\/\">Partnership aziendale<\/a><ul class='children'><li class=\"elementor-sitemap-item elementor-sitemap-item-page page_item page-item-3403\"><a href=\"https:\/\/smartlands-gis.com\/it_it\/partnership-aziendale\/partnership-aziendale-strategica-tra-smartlands-srl-e-nextgis\/\">Partnership aziendale strategica tra Smartlands SRL e NextGIS<\/a><\/li><\/ul><\/li><li class=\"elementor-sitemap-item elementor-sitemap-item-page page_item page-item-2936\"><a href=\"https:\/\/smartlands-gis.com\/it_it\/termini-e-condizioni\/\">Termini e Condizioni<\/a><\/li><li class=\"elementor-sitemap-item elementor-sitemap-item-page page_item page-item-2873\"><a href=\"https:\/\/smartlands-gis.com\/it_it\/mio-account\/\">Il mio account<\/a><\/li><li class=\"elementor-sitemap-item elementor-sitemap-item-page page_item page-item-2872\"><a href=\"https:\/\/smartlands-gis.com\/it_it\/pagamento\/\">Pagamento<\/a><\/li><li class=\"elementor-sitemap-item elementor-sitemap-item-page page_item page-item-2871\"><a href=\"https:\/\/smartlands-gis.com\/it_it\/carrello\/\">Carrello<\/a><\/li><li class=\"elementor-sitemap-item elementor-sitemap-item-page page_item page-item-2870\"><a href=\"https:\/\/smartlands-gis.com\/it_it\/negozio\/\">Shop<\/a><\/li><li class=\"elementor-sitemap-item elementor-sitemap-item-page page_item page-item-2840\"><a href=\"https:\/\/smartlands-gis.com\/it_it\/web-gis-catasto-leopoldino-toscana\/\">Web GIS Catasto Leopoldino Toscana<\/a><\/li><li class=\"elementor-sitemap-item elementor-sitemap-item-page page_item page-item-2810\"><a href=\"https:\/\/smartlands-gis.com\/it_it\/smarthosting-gis\/\">SMARTHOSTING GIS<\/a><\/li><li class=\"elementor-sitemap-item elementor-sitemap-item-page page_item page-item-2637\"><a href=\"https:\/\/smartlands-gis.com\/it_it\/smartsite\/\">SMARTSITE<\/a><\/li><li class=\"elementor-sitemap-item elementor-sitemap-item-page page_item page-item-2639\"><a href=\"https:\/\/smartlands-gis.com\/it_it\/smartoffice-2\/\">SMARTOFFICE<\/a><\/li><li class=\"elementor-sitemap-item elementor-sitemap-item-page page_item page-item-2633\"><a href=\"https:\/\/smartlands-gis.com\/it_it\/smart-post-gis\/\">SMART POSTGIS<\/a><\/li><li class=\"elementor-sitemap-item elementor-sitemap-item-page page_item page-item-2641\"><a href=\"https:\/\/smartlands-gis.com\/it_it\/smartcloud\/\">SMARTCLOUD<\/a><\/li><li class=\"elementor-sitemap-item elementor-sitemap-item-page page_item page-item-2634\"><a href=\"https:\/\/smartlands-gis.com\/it_it\/documentazione-pubblica-amministrazione\/\">DOCUMENTAZIONE PUBBLICA AMMINISTRAZIONE<\/a><\/li><li class=\"elementor-sitemap-item elementor-sitemap-item-page page_item page-item-2422\"><a href=\"https:\/\/smartlands-gis.com\/it_it\/portfolio\/\">Portfolio<\/a><\/li><li class=\"elementor-sitemap-item elementor-sitemap-item-page page_item page-item-2420\"><a href=\"https:\/\/smartlands-gis.com\/it_it\/area-tecnica\/\">Area Tecnica<\/a><\/li><li class=\"elementor-sitemap-item elementor-sitemap-item-page page_item page-item-2386\"><a href=\"https:\/\/smartlands-gis.com\/it_it\/web-gis-catasto-della-toscana\/\">Web GIS Catasto della Toscana<\/a><\/li><li class=\"elementor-sitemap-item elementor-sitemap-item-page page_item page-item-2366\"><a href=\"https:\/\/smartlands-gis.com\/it_it\/tamponbox\/\">TamponBox<\/a><\/li><li class=\"elementor-sitemap-item elementor-sitemap-item-page page_item page-item-2332\"><a href=\"https:\/\/smartlands-gis.com\/it_it\/cdu\/\">CDU Certificati di destinazione Urbanistica<\/a><\/li><li class=\"elementor-sitemap-item elementor-sitemap-item-page page_item page-item-2290\"><a href=\"https:\/\/smartlands-gis.com\/it_it\/amministrazione\/\">Area Amministrativa<\/a><\/li><li class=\"elementor-sitemap-item elementor-sitemap-item-page page_item page-item-2219\"><a href=\"https:\/\/smartlands-gis.com\/it_it\/login\/\">Login<\/a><\/li><li class=\"elementor-sitemap-item elementor-sitemap-item-page page_item page-item-2182\"><a href=\"https:\/\/smartlands-gis.com\/it_it\/risorse-per-la-pubblica-amministrazione\/\">Risorse per la Pubblica Amministrazione<\/a><\/li><li class=\"elementor-sitemap-item elementor-sitemap-item-page page_item page-item-464\"><a href=\"https:\/\/smartlands-gis.com\/it_it\/thank-you-page\/\">Thank You Page<\/a><\/li><li class=\"elementor-sitemap-item elementor-sitemap-item-page page_item page-item-375\"><a href=\"https:\/\/smartlands-gis.com\/it_it\/privacy-policy\/\">Privacy Policy<\/a><\/li><li class=\"elementor-sitemap-item elementor-sitemap-item-page page_item page-item-349\"><a href=\"https:\/\/smartlands-gis.com\/it_it\/sig-sistema-informativo-geografico\/\">SIG &#8211; Sistema Informativo Geografico<\/a><\/li><li class=\"elementor-sitemap-item elementor-sitemap-item-page page_item page-item-347\"><a href=\"https:\/\/smartlands-gis.com\/it_it\/servizi\/\">Servizi<\/a><ul class='children'><li class=\"elementor-sitemap-item elementor-sitemap-item-page page_item page-item-1571\"><a href=\"https:\/\/smartlands-gis.com\/it_it\/servizi\/crediti\/\">Crediti<\/a><\/li><li class=\"elementor-sitemap-item elementor-sitemap-item-page page_item page-item-1482\"><a href=\"https:\/\/smartlands-gis.com\/it_it\/servizi\/censimento-aree-verdi-3\/\">Gestione Rifiuti<\/a><\/li><li class=\"elementor-sitemap-item elementor-sitemap-item-page page_item page-item-1421\"><a href=\"https:\/\/smartlands-gis.com\/it_it\/servizi\/site-map\/\">Site Map<\/a><\/li><li class=\"elementor-sitemap-item elementor-sitemap-item-page page_item page-item-748\"><a href=\"https:\/\/smartlands-gis.com\/it_it\/servizi\/censimento-aree-verdi-2\/\">Censimento e rilievo dell\u2019anagrafe comunale degli immobili (ACI)<\/a><\/li><li class=\"elementor-sitemap-item elementor-sitemap-item-page page_item page-item-634\"><a href=\"https:\/\/smartlands-gis.com\/it_it\/servizi\/rete-idrica-e-fognature\/\">Rete idrica e fognature<\/a><\/li><li class=\"elementor-sitemap-item elementor-sitemap-item-page page_item page-item-633\"><a href=\"https:\/\/smartlands-gis.com\/it_it\/servizi\/censimento-aree-verdi\/\">Censimento aree verdi<\/a><\/li><li class=\"elementor-sitemap-item elementor-sitemap-item-page page_item page-item-629\"><a href=\"https:\/\/smartlands-gis.com\/it_it\/servizi\/censimento-illuminazione\/\">Censimento Illuminazione<\/a><\/li><li class=\"elementor-sitemap-item elementor-sitemap-item-page page_item page-item-627\"><a href=\"https:\/\/smartlands-gis.com\/it_it\/servizi\/censimento-segnaletica-verticale-e-orizzontale\/\">Censimento segnaletica verticale e orizzontale<\/a><\/li><li class=\"elementor-sitemap-item elementor-sitemap-item-page page_item page-item-625\"><a href=\"https:\/\/smartlands-gis.com\/it_it\/servizi\/censimento-e-rilievo-della-cartellonistica-pubblicitaria\/\">Censimento e rilievo della Cartellonistica Pubblicitaria<\/a><\/li><li class=\"elementor-sitemap-item elementor-sitemap-item-page page_item page-item-623\"><a href=\"https:\/\/smartlands-gis.com\/it_it\/servizi\/toponomastica\/\">Toponomastica<\/a><\/li><li class=\"elementor-sitemap-item elementor-sitemap-item-page page_item page-item-621\"><a href=\"https:\/\/smartlands-gis.com\/it_it\/servizi\/mappa-web-per-segnalazioni-cittadini\/\">Mappa Web per segnalazioni cittadini<\/a><\/li><li class=\"elementor-sitemap-item elementor-sitemap-item-page page_item page-item-512\"><a href=\"https:\/\/smartlands-gis.com\/it_it\/servizi\/censimento-e-rilievo-numeri-civici\/\">Censimento e rilievo Numeri Civici<\/a><\/li><\/ul><\/li><li class=\"elementor-sitemap-item elementor-sitemap-item-page page_item page-item-298\"><a href=\"https:\/\/smartlands-gis.com\/it_it\/chi-siamo\/\">Chi Siamo<\/a><\/li><li class=\"elementor-sitemap-item elementor-sitemap-item-page page_item page-item-244\"><a href=\"https:\/\/smartlands-gis.com\/it_it\/richiedi-un-preventivo\/\">Richiedi un preventivo<\/a><\/li><li class=\"elementor-sitemap-item elementor-sitemap-item-page page_item page-item-197\"><a href=\"https:\/\/smartlands-gis.com\/it_it\/cookie-policy\/\">Cookie Policy<\/a><\/li><li class=\"elementor-sitemap-item elementor-sitemap-item-page page_item page-item-127\"><a href=\"https:\/\/smartlands-gis.com\/it_it\/lavora-con-noi\/\">Lavora Con Noi<\/a><\/li><li class=\"elementor-sitemap-item elementor-sitemap-item-page page_item page-item-2\"><a href=\"https:\/\/smartlands-gis.com\/it_it\/\">home<\/a><\/li><\/ul><\/div><\/div>\t\t\t\t<\/div>\n\t\t\t\t<\/div>\n\t\t\t\t\t<\/div>\n\t\t\t\t<\/div>\n\t\t\t\t<\/div>\n\t\t","protected":false},"excerpt":{"rendered":"<p>SITe MAP La sitemap \u00e8 un file che contiene un elenco di tutte le pagine di un sito web, inclusi gli articoli, le categorie e gli archivi. Ogni elemento della sitemap include informazioni sulla frequenza di aggiornamento della pagina, il suo grado di importanza all&#8217;interno del sito e il modo in cui \u00e8 correlata ad [&hellip;]<\/p>\n","protected":false},"author":1,"featured_media":0,"parent":347,"menu_order":0,"comment_status":"closed","ping_status":"closed","template":"","meta":{"iawp_total_views":19,"footnotes":""},"class_list":["post-1421","page","type-page","status-publish","hentry"],"yoast_head":"<!-- This site is optimized with the Yoast SEO plugin v27.4 - https:\/\/yoast.com\/product\/yoast-seo-wordpress\/ -->\n<title>Site Map - SmartLands GIS Shop<\/title>\n<meta name=\"robots\" content=\"index, follow, max-snippet:-1, max-image-preview:large, max-video-preview:-1\" \/>\n<link rel=\"canonical\" href=\"https:\/\/smartlands-gis.com\/it_it\/servizi\/site-map\/\" \/>\n<meta property=\"og:locale\" content=\"it_IT\" \/>\n<meta property=\"og:type\" content=\"article\" \/>\n<meta property=\"og:title\" content=\"Site Map - SmartLands GIS Shop\" \/>\n<meta property=\"og:description\" content=\"SITe MAP La sitemap \u00e8 un file che contiene un elenco di tutte le pagine di un sito web, inclusi gli articoli, le categorie e gli archivi. Ogni elemento della sitemap include informazioni sulla frequenza di aggiornamento della pagina, il suo grado di importanza all&#8217;interno del sito e il modo in cui \u00e8 correlata ad [&hellip;]\" \/>\n<meta property=\"og:url\" content=\"https:\/\/smartlands-gis.com\/it_it\/servizi\/site-map\/\" \/>\n<meta property=\"og:site_name\" content=\"SmartLands GIS Shop\" \/>\n<meta property=\"article:publisher\" content=\"https:\/\/www.facebook.com\/smartlandsSRL\" \/>\n<meta property=\"article:modified_time\" content=\"2023-01-04T22:11:09+00:00\" \/>\n<meta name=\"twitter:card\" content=\"summary_large_image\" \/>\n<script type=\"application\/ld+json\" class=\"yoast-schema-graph\">{\"@context\":\"https:\\\/\\\/schema.org\",\"@graph\":[{\"@type\":\"WebPage\",\"@id\":\"https:\\\/\\\/smartlands-gis.com\\\/servizi\\\/site-map\\\/\",\"url\":\"https:\\\/\\\/smartlands-gis.com\\\/servizi\\\/site-map\\\/\",\"name\":\"Site Map - SmartLands GIS Shop\",\"isPartOf\":{\"@id\":\"https:\\\/\\\/smartlands-gis.com\\\/it_it\\\/#website\"},\"datePublished\":\"2023-01-04T22:05:49+00:00\",\"dateModified\":\"2023-01-04T22:11:09+00:00\",\"breadcrumb\":{\"@id\":\"https:\\\/\\\/smartlands-gis.com\\\/servizi\\\/site-map\\\/#breadcrumb\"},\"inLanguage\":\"it-IT\",\"potentialAction\":[{\"@type\":\"ReadAction\",\"target\":[\"https:\\\/\\\/smartlands-gis.com\\\/servizi\\\/site-map\\\/\"]}]},{\"@type\":\"BreadcrumbList\",\"@id\":\"https:\\\/\\\/smartlands-gis.com\\\/servizi\\\/site-map\\\/#breadcrumb\",\"itemListElement\":[{\"@type\":\"ListItem\",\"position\":1,\"name\":\"Home\",\"item\":\"https:\\\/\\\/smartlands-gis.com\\\/it_it\\\/\"},{\"@type\":\"ListItem\",\"position\":2,\"name\":\"Servizi\",\"item\":\"https:\\\/\\\/smartlands-gis.com\\\/servizi\\\/\"},{\"@type\":\"ListItem\",\"position\":3,\"name\":\"Site Map\"}]},{\"@type\":\"WebSite\",\"@id\":\"https:\\\/\\\/smartlands-gis.com\\\/it_it\\\/#website\",\"url\":\"https:\\\/\\\/smartlands-gis.com\\\/it_it\\\/\",\"name\":\"SmartLands GIS Shop\",\"description\":\"Il territorio a portata di un click\",\"publisher\":{\"@id\":\"https:\\\/\\\/smartlands-gis.com\\\/it_it\\\/#organization\"},\"potentialAction\":[{\"@type\":\"SearchAction\",\"target\":{\"@type\":\"EntryPoint\",\"urlTemplate\":\"https:\\\/\\\/smartlands-gis.com\\\/it_it\\\/?s={search_term_string}\"},\"query-input\":{\"@type\":\"PropertyValueSpecification\",\"valueRequired\":true,\"valueName\":\"search_term_string\"}}],\"inLanguage\":\"it-IT\"},{\"@type\":\"Organization\",\"@id\":\"https:\\\/\\\/smartlands-gis.com\\\/it_it\\\/#organization\",\"name\":\"SmartLands GIS Shop\",\"url\":\"https:\\\/\\\/smartlands-gis.com\\\/it_it\\\/\",\"logo\":{\"@type\":\"ImageObject\",\"inLanguage\":\"it-IT\",\"@id\":\"https:\\\/\\\/smartlands-gis.com\\\/it_it\\\/#\\\/schema\\\/logo\\\/image\\\/\",\"url\":\"https:\\\/\\\/smartlands-gis.com\\\/wp-content\\\/uploads\\\/2022\\\/04\\\/Smartlands-logo.png\",\"contentUrl\":\"https:\\\/\\\/smartlands-gis.com\\\/wp-content\\\/uploads\\\/2022\\\/04\\\/Smartlands-logo.png\",\"width\":1440,\"height\":630,\"caption\":\"SmartLands GIS Shop\"},\"image\":{\"@id\":\"https:\\\/\\\/smartlands-gis.com\\\/it_it\\\/#\\\/schema\\\/logo\\\/image\\\/\"},\"sameAs\":[\"https:\\\/\\\/www.facebook.com\\\/smartlandsSRL\"]}]}<\/script>\n<!-- \/ Yoast SEO plugin. -->","yoast_head_json":{"title":"Site Map - SmartLands GIS Shop","robots":{"index":"index","follow":"follow","max-snippet":"max-snippet:-1","max-image-preview":"max-image-preview:large","max-video-preview":"max-video-preview:-1"},"canonical":"https:\/\/smartlands-gis.com\/it_it\/servizi\/site-map\/","og_locale":"it_IT","og_type":"article","og_title":"Site Map - SmartLands GIS Shop","og_description":"SITe MAP La sitemap \u00e8 un file che contiene un elenco di tutte le pagine di un sito web, inclusi gli articoli, le categorie e gli archivi. Ogni elemento della sitemap include informazioni sulla frequenza di aggiornamento della pagina, il suo grado di importanza all&#8217;interno del sito e il modo in cui \u00e8 correlata ad [&hellip;]","og_url":"https:\/\/smartlands-gis.com\/it_it\/servizi\/site-map\/","og_site_name":"SmartLands GIS Shop","article_publisher":"https:\/\/www.facebook.com\/smartlandsSRL","article_modified_time":"2023-01-04T22:11:09+00:00","twitter_card":"summary_large_image","schema":{"@context":"https:\/\/schema.org","@graph":[{"@type":"WebPage","@id":"https:\/\/smartlands-gis.com\/servizi\/site-map\/","url":"https:\/\/smartlands-gis.com\/servizi\/site-map\/","name":"Site Map - SmartLands GIS Shop","isPartOf":{"@id":"https:\/\/smartlands-gis.com\/it_it\/#website"},"datePublished":"2023-01-04T22:05:49+00:00","dateModified":"2023-01-04T22:11:09+00:00","breadcrumb":{"@id":"https:\/\/smartlands-gis.com\/servizi\/site-map\/#breadcrumb"},"inLanguage":"it-IT","potentialAction":[{"@type":"ReadAction","target":["https:\/\/smartlands-gis.com\/servizi\/site-map\/"]}]},{"@type":"BreadcrumbList","@id":"https:\/\/smartlands-gis.com\/servizi\/site-map\/#breadcrumb","itemListElement":[{"@type":"ListItem","position":1,"name":"Home","item":"https:\/\/smartlands-gis.com\/it_it\/"},{"@type":"ListItem","position":2,"name":"Servizi","item":"https:\/\/smartlands-gis.com\/servizi\/"},{"@type":"ListItem","position":3,"name":"Site Map"}]},{"@type":"WebSite","@id":"https:\/\/smartlands-gis.com\/it_it\/#website","url":"https:\/\/smartlands-gis.com\/it_it\/","name":"SmartLands GIS Shop","description":"Il territorio a portata di un click","publisher":{"@id":"https:\/\/smartlands-gis.com\/it_it\/#organization"},"potentialAction":[{"@type":"SearchAction","target":{"@type":"EntryPoint","urlTemplate":"https:\/\/smartlands-gis.com\/it_it\/?s={search_term_string}"},"query-input":{"@type":"PropertyValueSpecification","valueRequired":true,"valueName":"search_term_string"}}],"inLanguage":"it-IT"},{"@type":"Organization","@id":"https:\/\/smartlands-gis.com\/it_it\/#organization","name":"SmartLands GIS Shop","url":"https:\/\/smartlands-gis.com\/it_it\/","logo":{"@type":"ImageObject","inLanguage":"it-IT","@id":"https:\/\/smartlands-gis.com\/it_it\/#\/schema\/logo\/image\/","url":"https:\/\/smartlands-gis.com\/wp-content\/uploads\/2022\/04\/Smartlands-logo.png","contentUrl":"https:\/\/smartlands-gis.com\/wp-content\/uploads\/2022\/04\/Smartlands-logo.png","width":1440,"height":630,"caption":"SmartLands GIS Shop"},"image":{"@id":"https:\/\/smartlands-gis.com\/it_it\/#\/schema\/logo\/image\/"},"sameAs":["https:\/\/www.facebook.com\/smartlandsSRL"]}]}},"_links":{"self":[{"href":"https:\/\/smartlands-gis.com\/it_it\/wp-json\/wp\/v2\/pages\/1421","targetHints":{"allow":["GET"]}}],"collection":[{"href":"https:\/\/smartlands-gis.com\/it_it\/wp-json\/wp\/v2\/pages"}],"about":[{"href":"https:\/\/smartlands-gis.com\/it_it\/wp-json\/wp\/v2\/types\/page"}],"author":[{"embeddable":true,"href":"https:\/\/smartlands-gis.com\/it_it\/wp-json\/wp\/v2\/users\/1"}],"replies":[{"embeddable":true,"href":"https:\/\/smartlands-gis.com\/it_it\/wp-json\/wp\/v2\/comments?post=1421"}],"version-history":[{"count":5,"href":"https:\/\/smartlands-gis.com\/it_it\/wp-json\/wp\/v2\/pages\/1421\/revisions"}],"predecessor-version":[{"id":1426,"href":"https:\/\/smartlands-gis.com\/it_it\/wp-json\/wp\/v2\/pages\/1421\/revisions\/1426"}],"up":[{"embeddable":true,"href":"https:\/\/smartlands-gis.com\/it_it\/wp-json\/wp\/v2\/pages\/347"}],"wp:attachment":[{"href":"https:\/\/smartlands-gis.com\/it_it\/wp-json\/wp\/v2\/media?parent=1421"}],"curies":[{"name":"wp","href":"https:\/\/api.w.org\/{rel}","templated":true}]}}